{"id":1075,"date":"2024-05-06T15:35:11","date_gmt":"2024-05-06T15:35:11","guid":{"rendered":"https:\/\/authleticwear.com\/cz\/?page_id=1075"},"modified":"2024-08-27T14:42:41","modified_gmt":"2024-08-27T14:42:41","slug":"loyalty-program","status":"publish","type":"page","link":"https:\/\/stagingtwo.authleticwear.com\/cz\/loyalty-program\/","title":{"rendered":"V\u011brnostn\u00ed program"},"content":{"rendered":"<h3>Odm\u011b\u0148ov\u00e1n\u00ed na\u0161ich nejv\u011brn\u011bj\u0161\u00edch z\u00e1kazn\u00edk\u016f!<\/h3>\n<p>Odemkn\u011bte exkluzivn\u00ed \u00faspory s na\u0161\u00edm v\u011brnostn\u00edm programem! Vyu\u017eijte 20% slevu na ka\u017edou t\u0159et\u00ed objedn\u00e1vku. Chcete-li vyu\u017e\u00edt t\u00e9to nab\u00eddky, sta\u010d\u00ed vyplnit n\u00ed\u017ee uveden\u00fd formul\u00e1\u0159. Va\u0161e pod\u00e1n\u00ed posoud\u00edme a za\u0161leme v\u00e1m kup\u00f3n na dal\u0161\u00ed n\u00e1kup. Jsme hrd\u00ed na to, \u017ee jste sou\u010d\u00e1st\u00ed na\u0161\u00ed rodiny Authletic!<\/p>\n<p>* Sleva v r\u00e1mci v\u011brnostn\u00edho programu se nevztahuje na na\u0161e speci\u00e1ln\u00ed nab\u00eddky.<\/p>\n\n<div class=\"wpcf7 no-js\" id=\"wpcf7-f1074-o1\" lang=\"en-US\" dir=\"ltr\" data-wpcf7-id=\"1074\">\n<div class=\"screen-reader-response\"><p role=\"status\" aria-live=\"polite\" aria-atomic=\"true\"><\/p> <ul><\/ul><\/div>\n<form action=\"\/cz\/wp-json\/wp\/v2\/pages\/1075#wpcf7-f1074-o1\" method=\"post\" class=\"wpcf7-form init\" aria-label=\"Contact form\" novalidate=\"novalidate\" data-status=\"init\">\n<fieldset class=\"hidden-fields-container\"><input type=\"hidden\" name=\"_wpcf7\" value=\"1074\" \/><input type=\"hidden\" name=\"_wpcf7_version\" value=\"6.1.5\" \/><input type=\"hidden\" name=\"_wpcf7_locale\" value=\"en_US\" \/><input type=\"hidden\" name=\"_wpcf7_unit_tag\" value=\"wpcf7-f1074-o1\" \/><input type=\"hidden\" name=\"_wpcf7_container_post\" value=\"0\" \/><input type=\"hidden\" name=\"_wpcf7_posted_data_hash\" value=\"\" \/><input type=\"hidden\" name=\"_wpcf7_recaptcha_response\" value=\"\" \/>\n<\/fieldset>\n<div class=\"contact-wrapper loyalty\">\n\t<div class=\"contact-wrapper-inner\">\n\t\t<div class=\"first-row row-cf double\">\n\t\t\t<p><label><br \/>\n<span class=\"wpcf7-form-control-wrap\" data-name=\"your-name\"><input size=\"40\" maxlength=\"400\" class=\"wpcf7-form-control wpcf7-text wpcf7-validates-as-required\" autocomplete=\"name\" aria-required=\"true\" aria-invalid=\"false\" placeholder=\"Tvoje jm\u00e9no\" value=\"\" type=\"text\" name=\"your-name\" \/><\/span> <\/label><br \/>\n<label><br \/>\n<span class=\"wpcf7-form-control-wrap\" data-name=\"your-email\"><input size=\"40\" maxlength=\"400\" class=\"wpcf7-form-control wpcf7-email wpcf7-validates-as-required wpcf7-text wpcf7-validates-as-email\" autocomplete=\"email\" aria-required=\"true\" aria-invalid=\"false\" placeholder=\"Tv\u016fj e-mil\" value=\"\" type=\"email\" name=\"your-email\" \/><\/span> <\/label>\n\t\t\t<\/p>\n\t\t<\/div>\n\t\t<div class=\"second-row row-cf\">\n\t\t\t<p class=\"order-numbers\">Zadejte pros\u00edm \u010d\u00edsla posledn\u00edch dvou objedn\u00e1vek (najdete je v potvrzovac\u00edch e-mailech):\n\t\t\t<\/p>\n\t\t\t<p><label><br \/>\n<span class=\"wpcf7-form-control-wrap\" data-name=\"order-number-1\"><input size=\"40\" maxlength=\"400\" class=\"wpcf7-form-control wpcf7-text wpcf7-validates-as-required\" aria-required=\"true\" aria-invalid=\"false\" placeholder=\"\u010c\u00edslo objedn\u00e1vky 1\" value=\"\" type=\"text\" name=\"order-number-1\" \/><\/span> <\/label>\n\t\t\t<\/p>\n\t\t<\/div>\n\t\t<div class=\"second-row row-cf\">\n\t\t\t<p><label><br \/>\n<span class=\"wpcf7-form-control-wrap\" data-name=\"order-number-2\"><input size=\"40\" maxlength=\"400\" class=\"wpcf7-form-control wpcf7-text wpcf7-validates-as-required\" aria-required=\"true\" aria-invalid=\"false\" placeholder=\"\u010c\u00edslo objedn\u00e1vky 2\" value=\"\" type=\"text\" name=\"order-number-2\" \/><\/span> <\/label>\n\t\t\t<\/p>\n\t\t<\/div>\n\t\t<div class=\"third-row row-cf\">\n\t\t\t<p><label><br \/>\n<span class=\"wpcf7-form-control-wrap\" data-name=\"your-message\"><textarea cols=\"40\" rows=\"10\" maxlength=\"2000\" class=\"wpcf7-form-control wpcf7-textarea\" aria-invalid=\"false\" placeholder=\"Je n\u011bco, co n\u00e1m chce\u0161 \u0159\u00edct?\" name=\"your-message\"><\/textarea><\/span> <\/label>\n\t\t\t<\/p>\n\t\t<\/div>\n\t\t<p><input class=\"wpcf7-form-control wpcf7-submit has-spinner\" type=\"submit\" value=\"Odeslat\" \/>\n\t\t<\/p>\n\t<\/div>\n<\/div><div class=\"wpcf7-response-output\" aria-hidden=\"true\"><\/div>\n<\/form>\n<\/div>\n\n","protected":false},"excerpt":{"rendered":"<p>Odm\u011b\u0148ov\u00e1n\u00ed na\u0161ich nejv\u011brn\u011bj\u0161\u00edch z\u00e1kazn\u00edk\u016f! Odemkn\u011bte exkluzivn\u00ed \u00faspory s na\u0161\u00edm v\u011brnostn\u00edm programem! Vyu\u017eijte 20% slevu na ka\u017edou t\u0159et\u00ed objedn\u00e1vku. Chcete-li vyu\u017e\u00edt t\u00e9to nab\u00eddky, sta\u010d\u00ed vyplnit n\u00ed\u017ee uveden\u00fd formul\u00e1\u0159. Va\u0161e pod\u00e1n\u00ed posoud\u00edme a za\u0161leme v\u00e1m kup\u00f3n na dal\u0161\u00ed n\u00e1kup. Jsme hrd\u00ed na to, \u017ee jste sou\u010d\u00e1st\u00ed na\u0161\u00ed rodiny Authletic! * Sleva v r\u00e1mci v\u011brnostn\u00edho programu se nevztahuje &#8230; <a title=\"V\u011brnostn\u00ed program\" class=\"read-more\" href=\"https:\/\/stagingtwo.authleticwear.com\/cz\/loyalty-program\/\" aria-label=\"\u010c\u00edst v\u00edce o V\u011brnostn\u00ed program\">\u010c\u00edst d\u00e1l<\/a><\/p>\n","protected":false},"author":1,"featured_media":0,"parent":0,"menu_order":0,"comment_status":"closed","ping_status":"closed","template":"template-content-page.php","meta":{"_acf_changed":false,"bwfblock_default_font":"","inline_featured_image":false,"footnotes":""},"class_list":["post-1075","page","type-page","status-publish"],"acf":[],"yoast_head":"<!-- This site is optimized with the Yoast SEO plugin v27.4 - https:\/\/yoast.com\/product\/yoast-seo-wordpress\/ -->\n<title>V\u011brnostn\u00ed program - Authletic CZ<\/title>\n<meta name=\"robots\" content=\"noindex, follow, max-snippet:-1, max-image-preview:large, max-video-preview:-1\" \/>\n<meta property=\"og:locale\" content=\"cs_CZ\" \/>\n<meta property=\"og:type\" content=\"article\" \/>\n<meta property=\"og:title\" content=\"V\u011brnostn\u00ed program - Authletic CZ\" \/>\n<meta property=\"og:description\" content=\"Odm\u011b\u0148ov\u00e1n\u00ed na\u0161ich nejv\u011brn\u011bj\u0161\u00edch z\u00e1kazn\u00edk\u016f! Odemkn\u011bte exkluzivn\u00ed \u00faspory s na\u0161\u00edm v\u011brnostn\u00edm programem! Vyu\u017eijte 20% slevu na ka\u017edou t\u0159et\u00ed objedn\u00e1vku. Chcete-li vyu\u017e\u00edt t\u00e9to nab\u00eddky, sta\u010d\u00ed vyplnit n\u00ed\u017ee uveden\u00fd formul\u00e1\u0159. Va\u0161e pod\u00e1n\u00ed posoud\u00edme a za\u0161leme v\u00e1m kup\u00f3n na dal\u0161\u00ed n\u00e1kup. Jsme hrd\u00ed na to, \u017ee jste sou\u010d\u00e1st\u00ed na\u0161\u00ed rodiny Authletic! * Sleva v r\u00e1mci v\u011brnostn\u00edho programu se nevztahuje ... \u010c\u00edst d\u00e1l\" \/>\n<meta property=\"og:url\" content=\"https:\/\/stagingtwo.authleticwear.com\/cz\/loyalty-program\/\" \/>\n<meta property=\"og:site_name\" content=\"Authletic CZ\" \/>\n<meta property=\"article:publisher\" content=\"https:\/\/facebook.com\/authletic\/\" \/>\n<meta property=\"article:modified_time\" content=\"2024-08-27T14:42:41+00:00\" \/>\n<meta property=\"og:image\" content=\"https:\/\/stagingtwo.authleticwear.com\/cz\/wp-content\/uploads\/sites\/3\/2024\/08\/Home_page_desktop-scaled.jpg\" \/>\n\t<meta property=\"og:image:width\" content=\"2560\" \/>\n\t<meta property=\"og:image:height\" content=\"1765\" \/>\n\t<meta property=\"og:image:type\" content=\"image\/jpeg\" \/>\n<meta name=\"twitter:card\" content=\"summary_large_image\" \/>\n<meta name=\"twitter:label1\" content=\"Odhadovan\u00e1 doba \u010dten\u00ed\" \/>\n\t<meta name=\"twitter:data1\" content=\"1 minuta\" \/>\n<script type=\"application\/ld+json\" class=\"yoast-schema-graph\">{\"@context\":\"https:\\\/\\\/schema.org\",\"@graph\":[{\"@type\":\"WebPage\",\"@id\":\"https:\\\/\\\/stagingtwo.authleticwear.com\\\/cz\\\/loyalty-program\\\/\",\"url\":\"https:\\\/\\\/stagingtwo.authleticwear.com\\\/cz\\\/loyalty-program\\\/\",\"name\":\"V\u011brnostn\u00ed program - Authletic CZ\",\"isPartOf\":{\"@id\":\"https:\\\/\\\/stagingtwo.authleticwear.com\\\/cz\\\/#website\"},\"datePublished\":\"2024-05-06T15:35:11+00:00\",\"dateModified\":\"2024-08-27T14:42:41+00:00\",\"breadcrumb\":{\"@id\":\"https:\\\/\\\/stagingtwo.authleticwear.com\\\/cz\\\/loyalty-program\\\/#breadcrumb\"},\"inLanguage\":\"cs\",\"potentialAction\":[{\"@type\":\"ReadAction\",\"target\":[\"https:\\\/\\\/stagingtwo.authleticwear.com\\\/cz\\\/loyalty-program\\\/\"]}]},{\"@type\":\"BreadcrumbList\",\"@id\":\"https:\\\/\\\/stagingtwo.authleticwear.com\\\/cz\\\/loyalty-program\\\/#breadcrumb\",\"itemListElement\":[{\"@type\":\"ListItem\",\"position\":1,\"name\":\"Home\",\"item\":\"https:\\\/\\\/stagingtwo.authleticwear.com\\\/cz\\\/\"},{\"@type\":\"ListItem\",\"position\":2,\"name\":\"V\u011brnostn\u00ed program\"}]},{\"@type\":\"WebSite\",\"@id\":\"https:\\\/\\\/stagingtwo.authleticwear.com\\\/cz\\\/#website\",\"url\":\"https:\\\/\\\/stagingtwo.authleticwear.com\\\/cz\\\/\",\"name\":\"Authletic CZ\",\"description\":\"I am Authentic. I am Athletic. I am Authletic.\",\"publisher\":{\"@id\":\"https:\\\/\\\/stagingtwo.authleticwear.com\\\/cz\\\/#organization\"},\"potentialAction\":[{\"@type\":\"SearchAction\",\"target\":{\"@type\":\"EntryPoint\",\"urlTemplate\":\"https:\\\/\\\/stagingtwo.authleticwear.com\\\/cz\\\/?s={search_term_string}\"},\"query-input\":{\"@type\":\"PropertyValueSpecification\",\"valueRequired\":true,\"valueName\":\"search_term_string\"}}],\"inLanguage\":\"cs\"},{\"@type\":\"Organization\",\"@id\":\"https:\\\/\\\/stagingtwo.authleticwear.com\\\/cz\\\/#organization\",\"name\":\"Authletic CZ\",\"url\":\"https:\\\/\\\/stagingtwo.authleticwear.com\\\/cz\\\/\",\"logo\":{\"@type\":\"ImageObject\",\"inLanguage\":\"cs\",\"@id\":\"https:\\\/\\\/stagingtwo.authleticwear.com\\\/cz\\\/#\\\/schema\\\/logo\\\/image\\\/\",\"url\":\"https:\\\/\\\/stagingtwo.authleticwear.com\\\/cz\\\/wp-content\\\/uploads\\\/sites\\\/3\\\/2023\\\/11\\\/logo-web-authletic.svg\",\"contentUrl\":\"https:\\\/\\\/stagingtwo.authleticwear.com\\\/cz\\\/wp-content\\\/uploads\\\/sites\\\/3\\\/2023\\\/11\\\/logo-web-authletic.svg\",\"caption\":\"Authletic CZ\"},\"image\":{\"@id\":\"https:\\\/\\\/stagingtwo.authleticwear.com\\\/cz\\\/#\\\/schema\\\/logo\\\/image\\\/\"},\"sameAs\":[\"https:\\\/\\\/facebook.com\\\/authletic\\\/\",\"https:\\\/\\\/instagram.com\\\/authleticwear\\\/\",\"https:\\\/\\\/tiktok.com\\\/@authletic\"]}]}<\/script>\n<!-- \/ Yoast SEO plugin. -->","yoast_head_json":{"title":"V\u011brnostn\u00ed program - Authletic CZ","robots":{"index":"noindex","follow":"follow","max-snippet":"max-snippet:-1","max-image-preview":"max-image-preview:large","max-video-preview":"max-video-preview:-1"},"og_locale":"cs_CZ","og_type":"article","og_title":"V\u011brnostn\u00ed program - Authletic CZ","og_description":"Odm\u011b\u0148ov\u00e1n\u00ed na\u0161ich nejv\u011brn\u011bj\u0161\u00edch z\u00e1kazn\u00edk\u016f! Odemkn\u011bte exkluzivn\u00ed \u00faspory s na\u0161\u00edm v\u011brnostn\u00edm programem! Vyu\u017eijte 20% slevu na ka\u017edou t\u0159et\u00ed objedn\u00e1vku. Chcete-li vyu\u017e\u00edt t\u00e9to nab\u00eddky, sta\u010d\u00ed vyplnit n\u00ed\u017ee uveden\u00fd formul\u00e1\u0159. Va\u0161e pod\u00e1n\u00ed posoud\u00edme a za\u0161leme v\u00e1m kup\u00f3n na dal\u0161\u00ed n\u00e1kup. Jsme hrd\u00ed na to, \u017ee jste sou\u010d\u00e1st\u00ed na\u0161\u00ed rodiny Authletic! * Sleva v r\u00e1mci v\u011brnostn\u00edho programu se nevztahuje ... \u010c\u00edst d\u00e1l","og_url":"https:\/\/stagingtwo.authleticwear.com\/cz\/loyalty-program\/","og_site_name":"Authletic CZ","article_publisher":"https:\/\/facebook.com\/authletic\/","article_modified_time":"2024-08-27T14:42:41+00:00","og_image":[{"width":2560,"height":1765,"url":"https:\/\/stagingtwo.authleticwear.com\/cz\/wp-content\/uploads\/sites\/3\/2024\/08\/Home_page_desktop-scaled.jpg","type":"image\/jpeg"}],"twitter_card":"summary_large_image","twitter_misc":{"Odhadovan\u00e1 doba \u010dten\u00ed":"1 minuta"},"schema":{"@context":"https:\/\/schema.org","@graph":[{"@type":"WebPage","@id":"https:\/\/stagingtwo.authleticwear.com\/cz\/loyalty-program\/","url":"https:\/\/stagingtwo.authleticwear.com\/cz\/loyalty-program\/","name":"V\u011brnostn\u00ed program - Authletic CZ","isPartOf":{"@id":"https:\/\/stagingtwo.authleticwear.com\/cz\/#website"},"datePublished":"2024-05-06T15:35:11+00:00","dateModified":"2024-08-27T14:42:41+00:00","breadcrumb":{"@id":"https:\/\/stagingtwo.authleticwear.com\/cz\/loyalty-program\/#breadcrumb"},"inLanguage":"cs","potentialAction":[{"@type":"ReadAction","target":["https:\/\/stagingtwo.authleticwear.com\/cz\/loyalty-program\/"]}]},{"@type":"BreadcrumbList","@id":"https:\/\/stagingtwo.authleticwear.com\/cz\/loyalty-program\/#breadcrumb","itemListElement":[{"@type":"ListItem","position":1,"name":"Home","item":"https:\/\/stagingtwo.authleticwear.com\/cz\/"},{"@type":"ListItem","position":2,"name":"V\u011brnostn\u00ed program"}]},{"@type":"WebSite","@id":"https:\/\/stagingtwo.authleticwear.com\/cz\/#website","url":"https:\/\/stagingtwo.authleticwear.com\/cz\/","name":"Authletic CZ","description":"I am Authentic. I am Athletic. I am Authletic.","publisher":{"@id":"https:\/\/stagingtwo.authleticwear.com\/cz\/#organization"},"potentialAction":[{"@type":"SearchAction","target":{"@type":"EntryPoint","urlTemplate":"https:\/\/stagingtwo.authleticwear.com\/cz\/?s={search_term_string}"},"query-input":{"@type":"PropertyValueSpecification","valueRequired":true,"valueName":"search_term_string"}}],"inLanguage":"cs"},{"@type":"Organization","@id":"https:\/\/stagingtwo.authleticwear.com\/cz\/#organization","name":"Authletic CZ","url":"https:\/\/stagingtwo.authleticwear.com\/cz\/","logo":{"@type":"ImageObject","inLanguage":"cs","@id":"https:\/\/stagingtwo.authleticwear.com\/cz\/#\/schema\/logo\/image\/","url":"https:\/\/stagingtwo.authleticwear.com\/cz\/wp-content\/uploads\/sites\/3\/2023\/11\/logo-web-authletic.svg","contentUrl":"https:\/\/stagingtwo.authleticwear.com\/cz\/wp-content\/uploads\/sites\/3\/2023\/11\/logo-web-authletic.svg","caption":"Authletic CZ"},"image":{"@id":"https:\/\/stagingtwo.authleticwear.com\/cz\/#\/schema\/logo\/image\/"},"sameAs":["https:\/\/facebook.com\/authletic\/","https:\/\/instagram.com\/authleticwear\/","https:\/\/tiktok.com\/@authletic"]}]}},"_links":{"self":[{"href":"https:\/\/stagingtwo.authleticwear.com\/cz\/wp-json\/wp\/v2\/pages\/1075","targetHints":{"allow":["GET"]}}],"collection":[{"href":"https:\/\/stagingtwo.authleticwear.com\/cz\/wp-json\/wp\/v2\/pages"}],"about":[{"href":"https:\/\/stagingtwo.authleticwear.com\/cz\/wp-json\/wp\/v2\/types\/page"}],"author":[{"embeddable":true,"href":"https:\/\/stagingtwo.authleticwear.com\/cz\/wp-json\/wp\/v2\/users\/1"}],"replies":[{"embeddable":true,"href":"https:\/\/stagingtwo.authleticwear.com\/cz\/wp-json\/wp\/v2\/comments?post=1075"}],"version-history":[{"count":2,"href":"https:\/\/stagingtwo.authleticwear.com\/cz\/wp-json\/wp\/v2\/pages\/1075\/revisions"}],"predecessor-version":[{"id":1525,"href":"https:\/\/stagingtwo.authleticwear.com\/cz\/wp-json\/wp\/v2\/pages\/1075\/revisions\/1525"}],"wp:attachment":[{"href":"https:\/\/stagingtwo.authleticwear.com\/cz\/wp-json\/wp\/v2\/media?parent=1075"}],"curies":[{"name":"wp","href":"https:\/\/api.w.org\/{rel}","templated":true}]}}