{"id":391,"date":"2023-11-15T15:25:28","date_gmt":"2023-11-15T15:25:28","guid":{"rendered":"http:\/\/authleticwear\/?page_id=391"},"modified":"2024-03-04T16:55:15","modified_gmt":"2024-03-04T16:55:15","slug":"about-us","status":"publish","type":"page","link":"https:\/\/stagingtwo.authleticwear.com\/cz\/about-us\/","title":{"rendered":"O n\u00e1s"},"content":{"rendered":"<h1>Kdo jsme?<\/h1>\n<p>Nejsme pouze partnery do posilovny, jsme partery pro \u017eivot! P\u0159edstav si to: p\u0159\u00edtelkyn\u011b s partnerem pln\u00ed l\u00e1sky, sm\u00edchu a sd\u00edlen\u00e9ho nad\u0161en\u00ed pro fitness. To jsme my! Zalo\u017eili jsme Authletic, proto\u017ee v\u011b\u0159\u00edme v rozvoj sportovn\u00edho oble\u010den\u00ed, kter\u00e9 vydr\u017e\u00ed extr\u00e9mn\u00ed aktivity a st\u00e1le vypad\u00e1 skv\u011ble v self\u00ed\u010dku po cvi\u010den\u00ed.<\/p>\n<h3>Na\u0161e cesta<\/h3>\n<p>Pot\u00e9, co\u017e a\u017e moc nitek nevydr\u017eelo jednoduch\u00e9 pod\u0159epy jsme se rozhodli, \u017ee je \u010das navrhnout sportovn\u00ed oble\u010den\u00ed, kter\u00e9 dok\u00e1\u017ee dr\u017eet krok s na\u0161\u00edm nad\u0161en\u00edm. Po 1 roce n\u00e1pad\u016f a nekone\u010dn\u00e9ho mno\u017estv\u00ed vzork\u016f se zrodila zna\u010dka Authletic.<\/p>\n<p>V Authletic je v\u0161e o vysok\u00e9 kvality, stylov\u00e9m fitness a volno\u010dasov\u00e9m oble\u010den\u00ed, kter\u00e9 je vyrobeno tak, aby vydr\u017eelo nejen intenzivn\u00ed fyzickou aktivitu, ale tak\u00e9 pohodln\u00e9 mazlen\u00ed. Na\u0161e \u0159ada je dokonal\u00e1 pro fitness nad\u0161ence a rekrea\u010dn\u00ed atlety.<\/p>\n<p>Sta\u0148te se sou\u010d\u00e1st\u00ed komunity, kter\u00e1 oslavuje fitness, m\u00f3du a z\u00e1bavu. A\u0165 u\u017e jste hardcore atleti nebo n\u011bkdo, kdo si mysl\u00ed, \u017ee \u010dinky jsou novou seznamkou, jsme tady pro v\u00e1s.<\/p>\n<h3>Zamilovat se, zvedat, zasm\u00e1t se<\/h3>\n<p>P\u0159idej se k na\u0161\u00ed cest\u011b za l\u00e1skou, sm\u00edchem a nejkvalitn\u011bj\u0161\u00edm oble\u010den\u00ed. Pamatuj, kdy\u017e si vybere\u0161 Authletic, vyb\u00edr\u00e1\u0161 si nejen zna\u010dku, z\u00e1rove\u0148 se vyd\u00e1v\u00e1\u0161 na cestu milostn\u00fdm p\u0159\u00edb\u011bhem.<\/p>\n","protected":false},"excerpt":{"rendered":"<p>Kdo jsme? Nejsme pouze partnery do posilovny, jsme partery pro \u017eivot! P\u0159edstav si to: p\u0159\u00edtelkyn\u011b s partnerem pln\u00ed l\u00e1sky, sm\u00edchu a sd\u00edlen\u00e9ho nad\u0161en\u00ed pro fitness. To jsme my! Zalo\u017eili jsme Authletic, proto\u017ee v\u011b\u0159\u00edme v rozvoj sportovn\u00edho oble\u010den\u00ed, kter\u00e9 vydr\u017e\u00ed extr\u00e9mn\u00ed aktivity a st\u00e1le vypad\u00e1 skv\u011ble v self\u00ed\u010dku po cvi\u010den\u00ed. Na\u0161e cesta Pot\u00e9, co\u017e a\u017e moc &#8230; <a title=\"O n\u00e1s\" class=\"read-more\" href=\"https:\/\/stagingtwo.authleticwear.com\/cz\/about-us\/\" aria-label=\"\u010c\u00edst v\u00edce o O n\u00e1s\">\u010c\u00edst d\u00e1l<\/a><\/p>\n","protected":false},"author":1,"featured_media":0,"parent":0,"menu_order":0,"comment_status":"closed","ping_status":"closed","template":"template-about-us.php","meta":{"_acf_changed":false,"bwfblock_default_font":"","inline_featured_image":false,"footnotes":""},"class_list":["post-391","page","type-page","status-publish"],"acf":[],"yoast_head":"<!-- This site is optimized with the Yoast SEO plugin v27.4 - https:\/\/yoast.com\/product\/yoast-seo-wordpress\/ -->\n<title>O n\u00e1s - Authletic CZ<\/title>\n<meta name=\"robots\" content=\"noindex, follow, max-snippet:-1, max-image-preview:large, max-video-preview:-1\" \/>\n<meta property=\"og:locale\" content=\"cs_CZ\" \/>\n<meta property=\"og:type\" content=\"article\" \/>\n<meta property=\"og:title\" content=\"O n\u00e1s - Authletic CZ\" \/>\n<meta property=\"og:description\" content=\"Kdo jsme? Nejsme pouze partnery do posilovny, jsme partery pro \u017eivot! P\u0159edstav si to: p\u0159\u00edtelkyn\u011b s partnerem pln\u00ed l\u00e1sky, sm\u00edchu a sd\u00edlen\u00e9ho nad\u0161en\u00ed pro fitness. To jsme my! Zalo\u017eili jsme Authletic, proto\u017ee v\u011b\u0159\u00edme v rozvoj sportovn\u00edho oble\u010den\u00ed, kter\u00e9 vydr\u017e\u00ed extr\u00e9mn\u00ed aktivity a st\u00e1le vypad\u00e1 skv\u011ble v self\u00ed\u010dku po cvi\u010den\u00ed. Na\u0161e cesta Pot\u00e9, co\u017e a\u017e moc ... \u010c\u00edst d\u00e1l\" \/>\n<meta property=\"og:url\" content=\"https:\/\/stagingtwo.authleticwear.com\/cz\/about-us\/\" \/>\n<meta property=\"og:site_name\" content=\"Authletic CZ\" \/>\n<meta property=\"article:publisher\" content=\"https:\/\/facebook.com\/authletic\/\" \/>\n<meta property=\"article:modified_time\" content=\"2024-03-04T16:55:15+00:00\" \/>\n<meta property=\"og:image\" content=\"https:\/\/stagingtwo.authleticwear.com\/cz\/wp-content\/uploads\/sites\/3\/2024\/08\/Home_page_desktop-scaled.jpg\" \/>\n\t<meta property=\"og:image:width\" content=\"2560\" \/>\n\t<meta property=\"og:image:height\" content=\"1765\" \/>\n\t<meta property=\"og:image:type\" content=\"image\/jpeg\" \/>\n<meta name=\"twitter:card\" content=\"summary_large_image\" \/>\n<meta name=\"twitter:label1\" content=\"Odhadovan\u00e1 doba \u010dten\u00ed\" \/>\n\t<meta name=\"twitter:data1\" content=\"1 minuta\" \/>\n<script type=\"application\/ld+json\" class=\"yoast-schema-graph\">{\"@context\":\"https:\\\/\\\/schema.org\",\"@graph\":[{\"@type\":\"WebPage\",\"@id\":\"https:\\\/\\\/stagingtwo.authleticwear.com\\\/cz\\\/about-us\\\/\",\"url\":\"https:\\\/\\\/stagingtwo.authleticwear.com\\\/cz\\\/about-us\\\/\",\"name\":\"O n\u00e1s - Authletic CZ\",\"isPartOf\":{\"@id\":\"https:\\\/\\\/stagingtwo.authleticwear.com\\\/cz\\\/#website\"},\"datePublished\":\"2023-11-15T15:25:28+00:00\",\"dateModified\":\"2024-03-04T16:55:15+00:00\",\"breadcrumb\":{\"@id\":\"https:\\\/\\\/stagingtwo.authleticwear.com\\\/cz\\\/about-us\\\/#breadcrumb\"},\"inLanguage\":\"cs\",\"potentialAction\":[{\"@type\":\"ReadAction\",\"target\":[\"https:\\\/\\\/stagingtwo.authleticwear.com\\\/cz\\\/about-us\\\/\"]}]},{\"@type\":\"BreadcrumbList\",\"@id\":\"https:\\\/\\\/stagingtwo.authleticwear.com\\\/cz\\\/about-us\\\/#breadcrumb\",\"itemListElement\":[{\"@type\":\"ListItem\",\"position\":1,\"name\":\"Home\",\"item\":\"https:\\\/\\\/stagingtwo.authleticwear.com\\\/cz\\\/\"},{\"@type\":\"ListItem\",\"position\":2,\"name\":\"O n\u00e1s\"}]},{\"@type\":\"WebSite\",\"@id\":\"https:\\\/\\\/stagingtwo.authleticwear.com\\\/cz\\\/#website\",\"url\":\"https:\\\/\\\/stagingtwo.authleticwear.com\\\/cz\\\/\",\"name\":\"Authletic CZ\",\"description\":\"I am Authentic. I am Athletic. I am Authletic.\",\"publisher\":{\"@id\":\"https:\\\/\\\/stagingtwo.authleticwear.com\\\/cz\\\/#organization\"},\"potentialAction\":[{\"@type\":\"SearchAction\",\"target\":{\"@type\":\"EntryPoint\",\"urlTemplate\":\"https:\\\/\\\/stagingtwo.authleticwear.com\\\/cz\\\/?s={search_term_string}\"},\"query-input\":{\"@type\":\"PropertyValueSpecification\",\"valueRequired\":true,\"valueName\":\"search_term_string\"}}],\"inLanguage\":\"cs\"},{\"@type\":\"Organization\",\"@id\":\"https:\\\/\\\/stagingtwo.authleticwear.com\\\/cz\\\/#organization\",\"name\":\"Authletic CZ\",\"url\":\"https:\\\/\\\/stagingtwo.authleticwear.com\\\/cz\\\/\",\"logo\":{\"@type\":\"ImageObject\",\"inLanguage\":\"cs\",\"@id\":\"https:\\\/\\\/stagingtwo.authleticwear.com\\\/cz\\\/#\\\/schema\\\/logo\\\/image\\\/\",\"url\":\"https:\\\/\\\/stagingtwo.authleticwear.com\\\/cz\\\/wp-content\\\/uploads\\\/sites\\\/3\\\/2023\\\/11\\\/logo-web-authletic.svg\",\"contentUrl\":\"https:\\\/\\\/stagingtwo.authleticwear.com\\\/cz\\\/wp-content\\\/uploads\\\/sites\\\/3\\\/2023\\\/11\\\/logo-web-authletic.svg\",\"caption\":\"Authletic CZ\"},\"image\":{\"@id\":\"https:\\\/\\\/stagingtwo.authleticwear.com\\\/cz\\\/#\\\/schema\\\/logo\\\/image\\\/\"},\"sameAs\":[\"https:\\\/\\\/facebook.com\\\/authletic\\\/\",\"https:\\\/\\\/instagram.com\\\/authleticwear\\\/\",\"https:\\\/\\\/tiktok.com\\\/@authletic\"]}]}<\/script>\n<!-- \/ Yoast SEO plugin. -->","yoast_head_json":{"title":"O n\u00e1s - Authletic CZ","robots":{"index":"noindex","follow":"follow","max-snippet":"max-snippet:-1","max-image-preview":"max-image-preview:large","max-video-preview":"max-video-preview:-1"},"og_locale":"cs_CZ","og_type":"article","og_title":"O n\u00e1s - Authletic CZ","og_description":"Kdo jsme? Nejsme pouze partnery do posilovny, jsme partery pro \u017eivot! P\u0159edstav si to: p\u0159\u00edtelkyn\u011b s partnerem pln\u00ed l\u00e1sky, sm\u00edchu a sd\u00edlen\u00e9ho nad\u0161en\u00ed pro fitness. To jsme my! Zalo\u017eili jsme Authletic, proto\u017ee v\u011b\u0159\u00edme v rozvoj sportovn\u00edho oble\u010den\u00ed, kter\u00e9 vydr\u017e\u00ed extr\u00e9mn\u00ed aktivity a st\u00e1le vypad\u00e1 skv\u011ble v self\u00ed\u010dku po cvi\u010den\u00ed. Na\u0161e cesta Pot\u00e9, co\u017e a\u017e moc ... \u010c\u00edst d\u00e1l","og_url":"https:\/\/stagingtwo.authleticwear.com\/cz\/about-us\/","og_site_name":"Authletic CZ","article_publisher":"https:\/\/facebook.com\/authletic\/","article_modified_time":"2024-03-04T16:55:15+00:00","og_image":[{"width":2560,"height":1765,"url":"https:\/\/stagingtwo.authleticwear.com\/cz\/wp-content\/uploads\/sites\/3\/2024\/08\/Home_page_desktop-scaled.jpg","type":"image\/jpeg"}],"twitter_card":"summary_large_image","twitter_misc":{"Odhadovan\u00e1 doba \u010dten\u00ed":"1 minuta"},"schema":{"@context":"https:\/\/schema.org","@graph":[{"@type":"WebPage","@id":"https:\/\/stagingtwo.authleticwear.com\/cz\/about-us\/","url":"https:\/\/stagingtwo.authleticwear.com\/cz\/about-us\/","name":"O n\u00e1s - Authletic CZ","isPartOf":{"@id":"https:\/\/stagingtwo.authleticwear.com\/cz\/#website"},"datePublished":"2023-11-15T15:25:28+00:00","dateModified":"2024-03-04T16:55:15+00:00","breadcrumb":{"@id":"https:\/\/stagingtwo.authleticwear.com\/cz\/about-us\/#breadcrumb"},"inLanguage":"cs","potentialAction":[{"@type":"ReadAction","target":["https:\/\/stagingtwo.authleticwear.com\/cz\/about-us\/"]}]},{"@type":"BreadcrumbList","@id":"https:\/\/stagingtwo.authleticwear.com\/cz\/about-us\/#breadcrumb","itemListElement":[{"@type":"ListItem","position":1,"name":"Home","item":"https:\/\/stagingtwo.authleticwear.com\/cz\/"},{"@type":"ListItem","position":2,"name":"O n\u00e1s"}]},{"@type":"WebSite","@id":"https:\/\/stagingtwo.authleticwear.com\/cz\/#website","url":"https:\/\/stagingtwo.authleticwear.com\/cz\/","name":"Authletic CZ","description":"I am Authentic. I am Athletic. I am Authletic.","publisher":{"@id":"https:\/\/stagingtwo.authleticwear.com\/cz\/#organization"},"potentialAction":[{"@type":"SearchAction","target":{"@type":"EntryPoint","urlTemplate":"https:\/\/stagingtwo.authleticwear.com\/cz\/?s={search_term_string}"},"query-input":{"@type":"PropertyValueSpecification","valueRequired":true,"valueName":"search_term_string"}}],"inLanguage":"cs"},{"@type":"Organization","@id":"https:\/\/stagingtwo.authleticwear.com\/cz\/#organization","name":"Authletic CZ","url":"https:\/\/stagingtwo.authleticwear.com\/cz\/","logo":{"@type":"ImageObject","inLanguage":"cs","@id":"https:\/\/stagingtwo.authleticwear.com\/cz\/#\/schema\/logo\/image\/","url":"https:\/\/stagingtwo.authleticwear.com\/cz\/wp-content\/uploads\/sites\/3\/2023\/11\/logo-web-authletic.svg","contentUrl":"https:\/\/stagingtwo.authleticwear.com\/cz\/wp-content\/uploads\/sites\/3\/2023\/11\/logo-web-authletic.svg","caption":"Authletic CZ"},"image":{"@id":"https:\/\/stagingtwo.authleticwear.com\/cz\/#\/schema\/logo\/image\/"},"sameAs":["https:\/\/facebook.com\/authletic\/","https:\/\/instagram.com\/authleticwear\/","https:\/\/tiktok.com\/@authletic"]}]}},"_links":{"self":[{"href":"https:\/\/stagingtwo.authleticwear.com\/cz\/wp-json\/wp\/v2\/pages\/391","targetHints":{"allow":["GET"]}}],"collection":[{"href":"https:\/\/stagingtwo.authleticwear.com\/cz\/wp-json\/wp\/v2\/pages"}],"about":[{"href":"https:\/\/stagingtwo.authleticwear.com\/cz\/wp-json\/wp\/v2\/types\/page"}],"author":[{"embeddable":true,"href":"https:\/\/stagingtwo.authleticwear.com\/cz\/wp-json\/wp\/v2\/users\/1"}],"replies":[{"embeddable":true,"href":"https:\/\/stagingtwo.authleticwear.com\/cz\/wp-json\/wp\/v2\/comments?post=391"}],"version-history":[{"count":3,"href":"https:\/\/stagingtwo.authleticwear.com\/cz\/wp-json\/wp\/v2\/pages\/391\/revisions"}],"predecessor-version":[{"id":931,"href":"https:\/\/stagingtwo.authleticwear.com\/cz\/wp-json\/wp\/v2\/pages\/391\/revisions\/931"}],"wp:attachment":[{"href":"https:\/\/stagingtwo.authleticwear.com\/cz\/wp-json\/wp\/v2\/media?parent=391"}],"curies":[{"name":"wp","href":"https:\/\/api.w.org\/{rel}","templated":true}]}}