{"id":396,"date":"2023-11-15T15:27:50","date_gmt":"2023-11-15T15:27:50","guid":{"rendered":"http:\/\/authleticwear\/?page_id=396"},"modified":"2024-02-13T15:29:39","modified_gmt":"2024-02-13T15:29:39","slug":"privacy-policy","status":"publish","type":"page","link":"https:\/\/stagingtwo.authleticwear.com\/cz\/privacy-policy\/","title":{"rendered":"Z\u00e1sady ochrany osobn\u00edch \u00fadaj\u016f"},"content":{"rendered":"<h3>Jak pou\u017e\u00edv\u00e1me va\u0161e \u00fadaje?<\/h3>\n<p>P\u0159i n\u00e1kupu v na\u0161em obchod\u011b, jako ned\u00edlnou sou\u010d\u00e1st procesu prodeje a n\u00e1kupu, shroma\u017e\u010fujeme osobn\u00ed \u00fadaje, kter\u00e9 n\u00e1m poskytnete, jako je va\u0161e jm\u00e9no, adresa a e-mailov\u00e1 adresa.<\/p>\n<p>P\u0159i prohl\u00ed\u017een\u00ed na\u0161eho obchodu tak\u00e9 automaticky z\u00edsk\u00e1v\u00e1me adresu internetov\u00e9ho protokolu (IP) va\u0161eho po\u010d\u00edta\u010de, proto\u017ee n\u00e1m poskytuje pot\u0159ebn\u00e9 informace o va\u0161em prohl\u00ed\u017ee\u010di a opera\u010dn\u00edm syst\u00e9mu.<\/p>\n<p>E-mailov\u00e1 reklama (pokud existuje): Pokud jste n\u00e1m k tomu dali v\u00fdslovn\u00fd souhlas, m\u016f\u017eeme v\u00e1m zas\u00edlat e-maily o na\u0161em obchod\u011b, nov\u00fdch produktech a dal\u0161\u00edch novink\u00e1ch.<\/p>\n<h3>Jak z\u00edsk\u00e1v\u00e1me v\u00e1\u0161 souhlas?<\/h3>\n<p>Kdy\u017e n\u00e1m poskytnete osobn\u00ed \u00fadaje k dokon\u010den\u00ed transakce, potvrzen\u00ed kreditn\u00ed karty, objedn\u00e1n\u00ed, objedn\u00e1n\u00ed dod\u00e1vky nebo vr\u00e1cen\u00ed zakoupen\u00e9ho zbo\u017e\u00ed, znamen\u00e1 to z\u00e1rove\u0148, \u017ee souhlas\u00edte s t\u00edm, abychom tyto \u00fadaje shroma\u017e\u010fovali a pou\u017e\u00edvali pouze pro konkr\u00e9tn\u00ed \u00fa\u010del, pro kter\u00fd jste je poskytli.<\/p>\n<p>Pokud v\u00e1s po\u017e\u00e1d\u00e1me o osobn\u00ed \u00fadaje z jin\u00e9ho d\u016fvodu, nap\u0159\u00edklad pro reklamn\u00ed \u00fa\u010dely, po\u017e\u00e1d\u00e1me v\u00e1s p\u0159\u00edmo o v\u00fdslovn\u00fd souhlas nebo v\u00e1m nab\u00eddneme mo\u017enost souhlas odm\u00edtnout.<\/p>\n<h3>Jak m\u016f\u017eete sv\u016fj souhlas odvolat?<\/h3>\n<p>Pokud si to po p\u016fvodn\u00edm ud\u011blen\u00ed souhlasu rozmysl\u00edte, m\u016f\u017eete odvolat sv\u016fj souhlas s t\u00edm, abychom v\u00e1s kontaktovali a pokra\u010dovali ve shroma\u017e\u010fov\u00e1n\u00ed, zpracov\u00e1n\u00ed nebo p\u0159ed\u00e1v\u00e1n\u00ed va\u0161ich \u00fadaj\u016f. M\u016f\u017eete tak kdykoli u\u010dinit zasl\u00e1n\u00edm e-mailu na adresu support@authleticwear.com nebo po\u0161tou na adresu AUTHLETIC d.o.o., Zapotok 123b, 1292 Ig, Slovinsko.<\/p>\n<h3>P\u0159ed\u00e1n\u00ed<\/h3>\n<p>Va\u0161e \u00fadaje zve\u0159ejn\u00edme pouze v p\u0159\u00edpad\u011b, \u017ee n\u00e1m to ukl\u00e1d\u00e1 z\u00e1kon, nebo v p\u0159\u00edpad\u011b poru\u0161en\u00ed na\u0161ich obchodn\u00edch podm\u00ednek.<\/p>\n<h3>Platebn\u00ed syst\u00e9m<\/h3>\n<p>N\u00e1\u0161 obchod je um\u00edst\u011bn na bezpe\u010dn\u00fdch a zabezpe\u010den\u00fdch. serverech, kter\u00e9 uchov\u00e1vaj\u00ed data bezpe\u010dn\u011b a soukrom\u011b.<\/p>\n<h5><strong>Platba<\/strong><\/h5>\n<p>Pokud nakupujete prost\u0159ednictv\u00edm p\u0159\u00edm\u00e9 platebn\u00ed br\u00e1ny, Authletic ukl\u00e1d\u00e1 \u00fadaje o va\u0161\u00ed platebn\u00ed kart\u011b. Ty jsou \u0161ifrov\u00e1ny prost\u0159ednictv\u00edm standardu PCI-DSS (Payment Card Industry Data Security Standard). Informace o va\u0161em n\u00e1kupu a transakci se ukl\u00e1daj\u00ed pouze po dobu, kterou syst\u00e9m pot\u0159ebuje k dokon\u010den\u00ed transakce a n\u00e1kupu. Po dokon\u010den\u00ed jsou informace o n\u00e1kupu a transakci vymaz\u00e1ny.<\/p>\n<p>V\u0161echny br\u00e1ny pro p\u0159\u00edm\u00e9 platby funguj\u00ed podle standard\u016f stanoven\u00fdch PCI-DSS, kter\u00e9 spravuje Rada pro bezpe\u010dnostn\u00ed standardy PCI, spole\u010dn\u00e9 \u00fasil\u00ed spole\u010dnost\u00ed Visa, MasterCard, American Express a Discover.<\/p>\n<p>Po\u017eadavky PCI-DSS pom\u00e1haj\u00ed zajistit bezpe\u010dnou spr\u00e1vu \u00fadaj\u016f o kreditn\u00edch kart\u00e1ch v na\u0161ich obchodech a u poskytovatel\u016f slu\u017eeb.<\/p>\n<h3>Poskytovatel\u00e9 slu\u017eeb t\u0159et\u00edch stran<\/h3>\n<p>T\u0159et\u00ed strany obecn\u011b shroma\u017e\u010fuj\u00ed, zpracov\u00e1vaj\u00ed a p\u0159ed\u00e1vaj\u00ed \u00fadaje pouze v rozsahu nezbytn\u00e9m k tomu, aby mohly prov\u00e1d\u011bt slu\u017eby, kter\u00e9 si u n\u00e1s objednaly.<\/p>\n<p>N\u011bkte\u0159\u00ed poskytovatel\u00e9 slu\u017eeb t\u0159et\u00edch stran, jako jsou platebn\u00ed br\u00e1ny a dal\u0161\u00ed zpracovatel\u00e9 platebn\u00edch transakc\u00ed, v\u0161ak maj\u00ed z\u00e1sady ochrany osobn\u00edch \u00fadaj\u016f, kter\u00e9 se t\u00fdkaj\u00ed informac\u00ed, kter\u00e9 jim mus\u00edme poskytnout k proveden\u00ed transakc\u00ed souvisej\u00edc\u00edch s va\u0161\u00edm n\u00e1kupem.<\/p>\n<p>Doporu\u010dujeme v\u00e1m, abyste si p\u0159e\u010detli z\u00e1sady ochrany osobn\u00edch \u00fadaj\u016f t\u011bchto poskytovatel\u016f, abyste pochopili, jak s va\u0161imi \u00fadaji nakl\u00e1daj\u00ed.<\/p>\n<p>Je d\u016fle\u017eit\u00e9 m\u00edt na pam\u011bti, \u017ee n\u011bkte\u0159\u00ed poskytovatel\u00e9 t\u0159et\u00edch stran nebo jejich obchodn\u00ed jednotky s\u00eddl\u00ed v jurisdikc\u00edch s jin\u00fdmi z\u00e1kony, ne\u017e jsou na\u0161e nebo va\u0161e. Pokud tedy schv\u00e1l\u00edte transakci zahrnuj\u00edc\u00ed slu\u017eby t\u0159et\u00ed strany, mohou va\u0161e \u00fadaje poskytnut\u00e9 v r\u00e1mci transakce podl\u00e9hat z\u00e1kon\u016fm m\u00edsta, kde se poskytovatel slu\u017eeb nach\u00e1z\u00ed nebo kde se nach\u00e1z\u00ed jeho obchodn\u00ed prostory.<\/p>\n<p>Pokud se nap\u0159\u00edklad z\u00e1kazn\u00edk nach\u00e1z\u00ed v N\u011bmecku a dokon\u010d\u00ed transakci prost\u0159ednictv\u00edm platebn\u00ed br\u00e1ny um\u00edst\u011bn\u00e9 ve Spojen\u00fdch st\u00e1tech, budou jeho osobn\u00ed \u00fadaje nezbytn\u00e9 k dokon\u010den\u00ed transakce podl\u00e9hat mo\u017en\u00e9mu zve\u0159ejn\u011bn\u00ed, pokud to vy\u017eaduj\u00ed americk\u00e9 z\u00e1kony.<\/p>\n<p>Jakmile opust\u00edte webov\u00e9 str\u00e1nky na\u0161eho obchodu nebo budete p\u0159esm\u011brov\u00e1ni na webov\u00e9 str\u00e1nky nebo aplikaci t\u0159et\u00ed strany, p\u0159estanou platit ustanoven\u00ed t\u011bchto Z\u00e1sad ochrany osobn\u00edch \u00fadaj\u016f a na\u0161ich Smluvn\u00edch podm\u00ednek.<\/p>\n<h5><strong>Odkazy<\/strong><\/h5>\n<p>Kdy\u017e kliknete na odkaz na na\u0161ich str\u00e1nk\u00e1ch, m\u016f\u017ee v\u00e1s p\u0159esm\u011brovat na webov\u00e9 str\u00e1nky mimo na\u0161i dom\u00e9nu. V takov\u00e9m p\u0159\u00edpad\u011b neodpov\u00edd\u00e1me za z\u00e1sady ochrany osobn\u00edch \u00fadaj\u016f t\u011bchto str\u00e1nek a doporu\u010dujeme v\u00e1m, abyste si p\u0159e\u010detli prohl\u00e1\u0161en\u00ed o ochran\u011b osobn\u00edch \u00fadaj\u016f na t\u011bchto str\u00e1nk\u00e1ch.<\/p>\n<h3>Bezpe\u010dnost<\/h3>\n<p>Abychom ochr\u00e1nili va\u0161e osobn\u00ed \u00fadaje, p\u0159ij\u00edm\u00e1me p\u0159im\u011b\u0159en\u00e1 opat\u0159en\u00ed a dodr\u017eujeme osv\u011bd\u010den\u00e9 postupy v oboru, abychom zabr\u00e1nili ztr\u00e1t\u011b, zneu\u017eit\u00ed, p\u0159\u00edstupu, zve\u0159ejn\u011bn\u00ed, zm\u011bn\u011b nebo zni\u010den\u00ed va\u0161ich \u00fadaj\u016f.<\/p>\n<p>Informace o kreditn\u00ed kart\u011b, kter\u00e9 n\u00e1m poskytnete, jsou \u0161ifrov\u00e1ny pomoc\u00ed technologie Secure Socket Layer (SSL) a ukl\u00e1d\u00e1ny pomoc\u00ed \u0161ifrov\u00e1n\u00ed AES-256. A\u010dkoli \u017e\u00e1dn\u00fd zp\u016fsob p\u0159enosu dat p\u0159es internet nebo elektronick\u00e9 \u00falo\u017ei\u0161t\u011b nen\u00ed 100% bezpe\u010dn\u00fd, dodr\u017eujeme v\u0161echny p\u0159\u00edsn\u00e9 po\u017eadavky PCI-DSS a uplat\u0148ujeme tak\u00e9 dal\u0161\u00ed obecn\u011b uzn\u00e1van\u00e9 pr\u016fmyslov\u00e9 standardy.<\/p>\n<h3>Soubory cookie<\/h3>\n<p>Spole\u010dnost Authletic (&#8222;my&#8220;, &#8222;n\u00e1s&#8220;, &#8222;na\u0161e&#8220; a dal\u0161\u00ed p\u0159\u00edslu\u0161n\u00e1 z\u00e1jmena) pou\u017e\u00edv\u00e1 na webov\u00fdch str\u00e1nk\u00e1ch https:\/\/stagingtwo.authleticwear.com\/ (d\u00e1le jen &#8222;slu\u017eba&#8220;) soubory cookie. Pou\u017e\u00edv\u00e1n\u00edm na\u0161\u00ed Slu\u017eby souhlas\u00edte s pou\u017e\u00edv\u00e1n\u00edm soubor\u016f cookie.<\/p>\n<p>V \u010d\u00e1sti o souborech cookie je vysv\u011btleno, co jsou to soubory cookie, jak je pou\u017e\u00edv\u00e1me my, jak je pou\u017e\u00edvaj\u00ed t\u0159et\u00ed strany, s nimi\u017e m\u016f\u017eeme spolupracovat, co znamenaj\u00ed va\u0161e volby t\u00fdkaj\u00edc\u00ed se soubor\u016f cookie, a jsou zde uvedeny dal\u0161\u00ed informace o souborech cookie.<\/p>\n<h5><strong>Co jsou to soubory cookie?<\/strong><\/h5>\n<p>Soubory cookie jsou mal\u00e9 soubory, kter\u00e9 v\u00e1\u0161 webov\u00fd prohl\u00ed\u017ee\u010d ukl\u00e1d\u00e1 p\u0159i n\u00e1v\u0161t\u011bv\u011b webov\u00fdch str\u00e1nek. Soubor cookie je ulo\u017een ve va\u0161em prohl\u00ed\u017ee\u010di a umo\u017e\u0148uje slu\u017eb\u011b nebo t\u0159et\u00ed stran\u011b rozpoznat v\u00e1s a usnadnit va\u0161i p\u0159\u00ed\u0161t\u00ed n\u00e1v\u0161t\u011bvu a v\u00fdrazn\u011b zjednodu\u0161it slu\u017ebu.<\/p>\n<p>Existuj\u00ed dva typy soubor\u016f cookie, trval\u00e9 a do\u010dasn\u00e9 (specifick\u00e9 pro danou relaci).<\/p>\n<h5><strong>Jak webov\u00e9 str\u00e1nky Authletic pou\u017e\u00edvaj\u00ed soubory cookie<\/strong><\/h5>\n<p>Kdy\u017e p\u0159istupujete k na\u0161\u00ed slu\u017eb\u011b a pou\u017e\u00edv\u00e1te ji, ukl\u00e1d\u00e1me do va\u0161eho webov\u00e9ho prohl\u00ed\u017ee\u010de n\u011bkolik soubor\u016f cookie.<\/p>\n<p>Soubory cookie pou\u017e\u00edv\u00e1me k n\u00e1sleduj\u00edc\u00edm \u00fa\u010del\u016fm: k provozu n\u011bkter\u00fdch funkc\u00ed na\u0161\u00ed slu\u017eby a k anal\u00fdze, k ukl\u00e1d\u00e1n\u00ed va\u0161ich p\u0159edchoz\u00edch v\u00fdb\u011br\u016f, k zobrazov\u00e1n\u00ed reklam a k c\u00edlen\u00e9 reklam\u011b.<\/p>\n<p>Na\u0161e slu\u017eba pou\u017e\u00edv\u00e1 trval\u00e9 i do\u010dasn\u00e9 soubory cookie. Pou\u017e\u00edv\u00e1me tak\u00e9 dal\u0161\u00ed typy soubor\u016f cookie, kter\u00e9 jsou nezbytn\u00e9 pro provoz slu\u017eby.<\/p>\n<h5><strong>Nepostradateln\u00e9 soubory cookie<\/strong><\/h5>\n<p>Nezbytn\u011b nutn\u00e9 soubory cookie m\u016f\u017eeme pou\u017e\u00edvat k ov\u011b\u0159ov\u00e1n\u00ed u\u017eivatel\u016f a k zabr\u00e1n\u011bn\u00ed zneu\u017eit\u00ed u\u017eivatelsk\u00fdch \u00fa\u010dt\u016f.<\/p>\n<h5><strong>Soubory cookie t\u0159et\u00edch stran<\/strong><\/h5>\n<p>Krom\u011b na\u0161ich soubor\u016f cookie m\u016f\u017eeme pou\u017e\u00edvat tak\u00e9 soubory cookie od r\u016fzn\u00fdch t\u0159et\u00edch stran k vykazov\u00e1n\u00ed statistik o pou\u017e\u00edv\u00e1n\u00ed na\u0161\u00ed slu\u017eby, k doru\u010dov\u00e1n\u00ed a zobrazov\u00e1n\u00ed reklam ve slu\u017eb\u011b atd.<\/p>\n<h5><strong>Co znamenaj\u00ed va\u0161e volby t\u00fdkaj\u00edc\u00ed se soubor\u016f cookie?<\/strong><\/h5>\n<p>Pokud chcete soubory cookie odstranit nebo d\u00e1t sv\u00e9mu webov\u00e9mu prohl\u00ed\u017ee\u010di pokyn k odstran\u011bn\u00ed a odm\u00edtnut\u00ed soubor\u016f cookie, nav\u0161tivte str\u00e1nky n\u00e1pov\u011bdy sv\u00e9ho prohl\u00ed\u017ee\u010de.<\/p>\n<p>Nezapome\u0148te: pokud soubory cookie odstran\u00edte nebo zak\u00e1\u017eete, mo\u017en\u00e1 nebudete m\u00edt p\u0159\u00edstup ke v\u0161em slu\u017eb\u00e1m, kter\u00e9 nab\u00edz\u00edme, mo\u017en\u00e1 nebudete moci ulo\u017eit sv\u00e9 p\u0159edvolby a n\u011bkter\u00e9 na\u0161e str\u00e1nky se nemus\u00ed zobrazovat spr\u00e1vn\u011b.<\/p>\n<h5><strong>Kde najdete dal\u0161\u00ed informace o souborech cookie?<\/strong><\/h5>\n<p>Informace o souborech cookie m\u016f\u017eete z\u00edskat na n\u00e1sleduj\u00edc\u00edch webov\u00fdch str\u00e1nk\u00e1ch mimo na\u0161i dom\u00e9nu:<\/p>\n<p>AllAboutCookies: https:\/\/www.allaboutcookies.org\/<br \/>\nNetwork Advertising Initiative: https:\/\/www.networkadvertising.org\/<\/p>\n<h3>V\u011bk souhlasu<\/h3>\n<p>Pou\u017e\u00edv\u00e1n\u00edm t\u011bchto webov\u00fdch str\u00e1nek jako u\u017eivatel potvrzujete, \u017ee jste ve sv\u00e9 zemi nebo regionu bydli\u0161t\u011b plnolet\u00ed a souhlas\u00edte s pou\u017e\u00edv\u00e1n\u00edm na\u0161ich webov\u00fdch str\u00e1nek nezletil\u00fdmi osobami, kter\u00e9 jsou na v\u00e1s z\u00e1visl\u00e9.<\/p>\n<h3>Zm\u011bny z\u00e1sad ochrany osobn\u00edch \u00fadaj\u016f<\/h3>\n<p>Vyhrazujeme si pr\u00e1vo prov\u00e1d\u011bt zm\u011bny t\u011bchto z\u00e1sad, proto je mus\u00edte pravideln\u011b nav\u0161t\u011bvovat a kontrolovat. Zm\u011bny a up\u0159esn\u011bn\u00ed jsou platn\u00e9 v okam\u017eiku jejich zve\u0159ejn\u011bn\u00ed na webov\u00fdch str\u00e1nk\u00e1ch. V p\u0159\u00edpad\u011b podstatn\u00fdch zm\u011bn z\u00e1sad v\u00e1s zde upozorn\u00edme, \u017ee z\u00e1sady ochrany osobn\u00edch \u00fadaj\u016f byly aktualizov\u00e1ny, abyste v\u011bd\u011bli, jak\u00e9 informace shroma\u017e\u010fujeme, jak je pou\u017e\u00edv\u00e1me a za jak\u00fdch podm\u00ednek je p\u0159\u00edpadn\u011b pou\u017e\u00edv\u00e1me a\/nebo zve\u0159ej\u0148ujeme.<\/p>\n<p>Pokud n\u00e1\u0161 obchod z\u00edsk\u00e1 jin\u00e1 spole\u010dnost nebo dojde k jeho f\u00fazi s jinou spole\u010dnost\u00ed, mohou b\u00fdt va\u0161e \u00fadaje p\u0159ed\u00e1ny druh\u00e9mu vlastn\u00edkovi, aby v\u00e1m mohl nad\u00e1le nab\u00edzet a prod\u00e1vat produkty, kter\u00e9 chcete.<\/p>\n<h5><strong>Dotazy a kontaktn\u00ed informace<\/strong><\/h5>\n<p>Pokud chcete z\u00edskat p\u0159\u00edstup k osobn\u00edm \u00fadaj\u016fm, kter\u00e9 o v\u00e1s uchov\u00e1v\u00e1me, opravit je, zm\u011bnit nebo vymazat, pokud chcete podat st\u00ed\u017enost nebo pokud chcete jednodu\u0161e z\u00edskat dal\u0161\u00ed informace, kontaktujte na\u0161eho pov\u011b\u0159ence pro ochranu osobn\u00edch \u00fadaj\u016f na adrese support@authleticwear.com nebo n\u00e1m napi\u0161te na adresu AUTHLETIC d.o.o., Zapotok 123b, 1292 Ig, Slovinsko.<\/p>\n","protected":false},"excerpt":{"rendered":"<p>Jak pou\u017e\u00edv\u00e1me va\u0161e \u00fadaje? P\u0159i n\u00e1kupu v na\u0161em obchod\u011b, jako ned\u00edlnou sou\u010d\u00e1st procesu prodeje a n\u00e1kupu, shroma\u017e\u010fujeme osobn\u00ed \u00fadaje, kter\u00e9 n\u00e1m poskytnete, jako je va\u0161e jm\u00e9no, adresa a e-mailov\u00e1 adresa. P\u0159i prohl\u00ed\u017een\u00ed na\u0161eho obchodu tak\u00e9 automaticky z\u00edsk\u00e1v\u00e1me adresu internetov\u00e9ho protokolu (IP) va\u0161eho po\u010d\u00edta\u010de, proto\u017ee n\u00e1m poskytuje pot\u0159ebn\u00e9 informace o va\u0161em prohl\u00ed\u017ee\u010di a opera\u010dn\u00edm syst\u00e9mu. E-mailov\u00e1 &#8230; <a title=\"Z\u00e1sady ochrany osobn\u00edch \u00fadaj\u016f\" class=\"read-more\" href=\"https:\/\/stagingtwo.authleticwear.com\/cz\/privacy-policy\/\" aria-label=\"\u010c\u00edst v\u00edce o Z\u00e1sady ochrany osobn\u00edch \u00fadaj\u016f\">\u010c\u00edst d\u00e1l<\/a><\/p>\n","protected":false},"author":1,"featured_media":0,"parent":0,"menu_order":0,"comment_status":"closed","ping_status":"closed","template":"template-content-page.php","meta":{"_acf_changed":false,"bwfblock_default_font":"","inline_featured_image":false,"footnotes":""},"class_list":["post-396","page","type-page","status-publish"],"acf":[],"yoast_head":"<!-- This site is optimized with the Yoast SEO plugin v27.4 - https:\/\/yoast.com\/product\/yoast-seo-wordpress\/ -->\n<title>Z\u00e1sady ochrany osobn\u00edch \u00fadaj\u016f - Authletic CZ<\/title>\n<meta name=\"robots\" content=\"noindex, follow, max-snippet:-1, max-image-preview:large, max-video-preview:-1\" \/>\n<meta property=\"og:locale\" content=\"cs_CZ\" \/>\n<meta property=\"og:type\" content=\"article\" \/>\n<meta property=\"og:title\" content=\"Z\u00e1sady ochrany osobn\u00edch \u00fadaj\u016f - Authletic CZ\" \/>\n<meta property=\"og:description\" content=\"Jak pou\u017e\u00edv\u00e1me va\u0161e \u00fadaje? P\u0159i n\u00e1kupu v na\u0161em obchod\u011b, jako ned\u00edlnou sou\u010d\u00e1st procesu prodeje a n\u00e1kupu, shroma\u017e\u010fujeme osobn\u00ed \u00fadaje, kter\u00e9 n\u00e1m poskytnete, jako je va\u0161e jm\u00e9no, adresa a e-mailov\u00e1 adresa. P\u0159i prohl\u00ed\u017een\u00ed na\u0161eho obchodu tak\u00e9 automaticky z\u00edsk\u00e1v\u00e1me adresu internetov\u00e9ho protokolu (IP) va\u0161eho po\u010d\u00edta\u010de, proto\u017ee n\u00e1m poskytuje pot\u0159ebn\u00e9 informace o va\u0161em prohl\u00ed\u017ee\u010di a opera\u010dn\u00edm syst\u00e9mu. E-mailov\u00e1 ... \u010c\u00edst d\u00e1l\" \/>\n<meta property=\"og:url\" content=\"https:\/\/stagingtwo.authleticwear.com\/cz\/privacy-policy\/\" \/>\n<meta property=\"og:site_name\" content=\"Authletic CZ\" \/>\n<meta property=\"article:publisher\" content=\"https:\/\/facebook.com\/authletic\/\" \/>\n<meta property=\"article:modified_time\" content=\"2024-02-13T15:29:39+00:00\" \/>\n<meta property=\"og:image\" content=\"https:\/\/stagingtwo.authleticwear.com\/cz\/wp-content\/uploads\/sites\/3\/2024\/08\/Home_page_desktop-scaled.jpg\" \/>\n\t<meta property=\"og:image:width\" content=\"2560\" \/>\n\t<meta property=\"og:image:height\" content=\"1765\" \/>\n\t<meta property=\"og:image:type\" content=\"image\/jpeg\" \/>\n<meta name=\"twitter:card\" content=\"summary_large_image\" \/>\n<meta name=\"twitter:label1\" content=\"Odhadovan\u00e1 doba \u010dten\u00ed\" \/>\n\t<meta name=\"twitter:data1\" content=\"9 minut\" \/>\n<script type=\"application\/ld+json\" class=\"yoast-schema-graph\">{\"@context\":\"https:\\\/\\\/schema.org\",\"@graph\":[{\"@type\":\"WebPage\",\"@id\":\"https:\\\/\\\/stagingtwo.authleticwear.com\\\/cz\\\/privacy-policy\\\/\",\"url\":\"https:\\\/\\\/stagingtwo.authleticwear.com\\\/cz\\\/privacy-policy\\\/\",\"name\":\"Z\u00e1sady ochrany osobn\u00edch \u00fadaj\u016f - Authletic CZ\",\"isPartOf\":{\"@id\":\"https:\\\/\\\/stagingtwo.authleticwear.com\\\/cz\\\/#website\"},\"datePublished\":\"2023-11-15T15:27:50+00:00\",\"dateModified\":\"2024-02-13T15:29:39+00:00\",\"breadcrumb\":{\"@id\":\"https:\\\/\\\/stagingtwo.authleticwear.com\\\/cz\\\/privacy-policy\\\/#breadcrumb\"},\"inLanguage\":\"cs\",\"potentialAction\":[{\"@type\":\"ReadAction\",\"target\":[\"https:\\\/\\\/stagingtwo.authleticwear.com\\\/cz\\\/privacy-policy\\\/\"]}]},{\"@type\":\"BreadcrumbList\",\"@id\":\"https:\\\/\\\/stagingtwo.authleticwear.com\\\/cz\\\/privacy-policy\\\/#breadcrumb\",\"itemListElement\":[{\"@type\":\"ListItem\",\"position\":1,\"name\":\"Home\",\"item\":\"https:\\\/\\\/stagingtwo.authleticwear.com\\\/cz\\\/\"},{\"@type\":\"ListItem\",\"position\":2,\"name\":\"Z\u00e1sady ochrany osobn\u00edch \u00fadaj\u016f\"}]},{\"@type\":\"WebSite\",\"@id\":\"https:\\\/\\\/stagingtwo.authleticwear.com\\\/cz\\\/#website\",\"url\":\"https:\\\/\\\/stagingtwo.authleticwear.com\\\/cz\\\/\",\"name\":\"Authletic CZ\",\"description\":\"I am Authentic. I am Athletic. I am Authletic.\",\"publisher\":{\"@id\":\"https:\\\/\\\/stagingtwo.authleticwear.com\\\/cz\\\/#organization\"},\"potentialAction\":[{\"@type\":\"SearchAction\",\"target\":{\"@type\":\"EntryPoint\",\"urlTemplate\":\"https:\\\/\\\/stagingtwo.authleticwear.com\\\/cz\\\/?s={search_term_string}\"},\"query-input\":{\"@type\":\"PropertyValueSpecification\",\"valueRequired\":true,\"valueName\":\"search_term_string\"}}],\"inLanguage\":\"cs\"},{\"@type\":\"Organization\",\"@id\":\"https:\\\/\\\/stagingtwo.authleticwear.com\\\/cz\\\/#organization\",\"name\":\"Authletic CZ\",\"url\":\"https:\\\/\\\/stagingtwo.authleticwear.com\\\/cz\\\/\",\"logo\":{\"@type\":\"ImageObject\",\"inLanguage\":\"cs\",\"@id\":\"https:\\\/\\\/stagingtwo.authleticwear.com\\\/cz\\\/#\\\/schema\\\/logo\\\/image\\\/\",\"url\":\"https:\\\/\\\/stagingtwo.authleticwear.com\\\/cz\\\/wp-content\\\/uploads\\\/sites\\\/3\\\/2023\\\/11\\\/logo-web-authletic.svg\",\"contentUrl\":\"https:\\\/\\\/stagingtwo.authleticwear.com\\\/cz\\\/wp-content\\\/uploads\\\/sites\\\/3\\\/2023\\\/11\\\/logo-web-authletic.svg\",\"caption\":\"Authletic CZ\"},\"image\":{\"@id\":\"https:\\\/\\\/stagingtwo.authleticwear.com\\\/cz\\\/#\\\/schema\\\/logo\\\/image\\\/\"},\"sameAs\":[\"https:\\\/\\\/facebook.com\\\/authletic\\\/\",\"https:\\\/\\\/instagram.com\\\/authleticwear\\\/\",\"https:\\\/\\\/tiktok.com\\\/@authletic\"]}]}<\/script>\n<!-- \/ Yoast SEO plugin. -->","yoast_head_json":{"title":"Z\u00e1sady ochrany osobn\u00edch \u00fadaj\u016f - Authletic CZ","robots":{"index":"noindex","follow":"follow","max-snippet":"max-snippet:-1","max-image-preview":"max-image-preview:large","max-video-preview":"max-video-preview:-1"},"og_locale":"cs_CZ","og_type":"article","og_title":"Z\u00e1sady ochrany osobn\u00edch \u00fadaj\u016f - Authletic CZ","og_description":"Jak pou\u017e\u00edv\u00e1me va\u0161e \u00fadaje? P\u0159i n\u00e1kupu v na\u0161em obchod\u011b, jako ned\u00edlnou sou\u010d\u00e1st procesu prodeje a n\u00e1kupu, shroma\u017e\u010fujeme osobn\u00ed \u00fadaje, kter\u00e9 n\u00e1m poskytnete, jako je va\u0161e jm\u00e9no, adresa a e-mailov\u00e1 adresa. P\u0159i prohl\u00ed\u017een\u00ed na\u0161eho obchodu tak\u00e9 automaticky z\u00edsk\u00e1v\u00e1me adresu internetov\u00e9ho protokolu (IP) va\u0161eho po\u010d\u00edta\u010de, proto\u017ee n\u00e1m poskytuje pot\u0159ebn\u00e9 informace o va\u0161em prohl\u00ed\u017ee\u010di a opera\u010dn\u00edm syst\u00e9mu. E-mailov\u00e1 ... \u010c\u00edst d\u00e1l","og_url":"https:\/\/stagingtwo.authleticwear.com\/cz\/privacy-policy\/","og_site_name":"Authletic CZ","article_publisher":"https:\/\/facebook.com\/authletic\/","article_modified_time":"2024-02-13T15:29:39+00:00","og_image":[{"width":2560,"height":1765,"url":"https:\/\/stagingtwo.authleticwear.com\/cz\/wp-content\/uploads\/sites\/3\/2024\/08\/Home_page_desktop-scaled.jpg","type":"image\/jpeg"}],"twitter_card":"summary_large_image","twitter_misc":{"Odhadovan\u00e1 doba \u010dten\u00ed":"9 minut"},"schema":{"@context":"https:\/\/schema.org","@graph":[{"@type":"WebPage","@id":"https:\/\/stagingtwo.authleticwear.com\/cz\/privacy-policy\/","url":"https:\/\/stagingtwo.authleticwear.com\/cz\/privacy-policy\/","name":"Z\u00e1sady ochrany osobn\u00edch \u00fadaj\u016f - Authletic CZ","isPartOf":{"@id":"https:\/\/stagingtwo.authleticwear.com\/cz\/#website"},"datePublished":"2023-11-15T15:27:50+00:00","dateModified":"2024-02-13T15:29:39+00:00","breadcrumb":{"@id":"https:\/\/stagingtwo.authleticwear.com\/cz\/privacy-policy\/#breadcrumb"},"inLanguage":"cs","potentialAction":[{"@type":"ReadAction","target":["https:\/\/stagingtwo.authleticwear.com\/cz\/privacy-policy\/"]}]},{"@type":"BreadcrumbList","@id":"https:\/\/stagingtwo.authleticwear.com\/cz\/privacy-policy\/#breadcrumb","itemListElement":[{"@type":"ListItem","position":1,"name":"Home","item":"https:\/\/stagingtwo.authleticwear.com\/cz\/"},{"@type":"ListItem","position":2,"name":"Z\u00e1sady ochrany osobn\u00edch \u00fadaj\u016f"}]},{"@type":"WebSite","@id":"https:\/\/stagingtwo.authleticwear.com\/cz\/#website","url":"https:\/\/stagingtwo.authleticwear.com\/cz\/","name":"Authletic CZ","description":"I am Authentic. I am Athletic. I am Authletic.","publisher":{"@id":"https:\/\/stagingtwo.authleticwear.com\/cz\/#organization"},"potentialAction":[{"@type":"SearchAction","target":{"@type":"EntryPoint","urlTemplate":"https:\/\/stagingtwo.authleticwear.com\/cz\/?s={search_term_string}"},"query-input":{"@type":"PropertyValueSpecification","valueRequired":true,"valueName":"search_term_string"}}],"inLanguage":"cs"},{"@type":"Organization","@id":"https:\/\/stagingtwo.authleticwear.com\/cz\/#organization","name":"Authletic CZ","url":"https:\/\/stagingtwo.authleticwear.com\/cz\/","logo":{"@type":"ImageObject","inLanguage":"cs","@id":"https:\/\/stagingtwo.authleticwear.com\/cz\/#\/schema\/logo\/image\/","url":"https:\/\/stagingtwo.authleticwear.com\/cz\/wp-content\/uploads\/sites\/3\/2023\/11\/logo-web-authletic.svg","contentUrl":"https:\/\/stagingtwo.authleticwear.com\/cz\/wp-content\/uploads\/sites\/3\/2023\/11\/logo-web-authletic.svg","caption":"Authletic CZ"},"image":{"@id":"https:\/\/stagingtwo.authleticwear.com\/cz\/#\/schema\/logo\/image\/"},"sameAs":["https:\/\/facebook.com\/authletic\/","https:\/\/instagram.com\/authleticwear\/","https:\/\/tiktok.com\/@authletic"]}]}},"_links":{"self":[{"href":"https:\/\/stagingtwo.authleticwear.com\/cz\/wp-json\/wp\/v2\/pages\/396","targetHints":{"allow":["GET"]}}],"collection":[{"href":"https:\/\/stagingtwo.authleticwear.com\/cz\/wp-json\/wp\/v2\/pages"}],"about":[{"href":"https:\/\/stagingtwo.authleticwear.com\/cz\/wp-json\/wp\/v2\/types\/page"}],"author":[{"embeddable":true,"href":"https:\/\/stagingtwo.authleticwear.com\/cz\/wp-json\/wp\/v2\/users\/1"}],"replies":[{"embeddable":true,"href":"https:\/\/stagingtwo.authleticwear.com\/cz\/wp-json\/wp\/v2\/comments?post=396"}],"version-history":[{"count":7,"href":"https:\/\/stagingtwo.authleticwear.com\/cz\/wp-json\/wp\/v2\/pages\/396\/revisions"}],"predecessor-version":[{"id":778,"href":"https:\/\/stagingtwo.authleticwear.com\/cz\/wp-json\/wp\/v2\/pages\/396\/revisions\/778"}],"wp:attachment":[{"href":"https:\/\/stagingtwo.authleticwear.com\/cz\/wp-json\/wp\/v2\/media?parent=396"}],"curies":[{"name":"wp","href":"https:\/\/api.w.org\/{rel}","templated":true}]}}