{"id":403,"date":"2023-11-15T15:31:28","date_gmt":"2023-11-15T15:31:28","guid":{"rendered":"http:\/\/authleticwear\/?page_id=403"},"modified":"2025-09-17T14:31:15","modified_gmt":"2025-09-17T12:31:15","slug":"delivery-and-returns","status":"publish","type":"page","link":"https:\/\/stagingtwo.authleticwear.com\/cz\/delivery-and-returns\/","title":{"rendered":"Dod\u00e1n\u00ed a vr\u00e1cen\u00ed"},"content":{"rendered":"<h3>Dod\u00e1n\u00ed<\/h3>\n<p>Dod\u00e1n\u00ed zaji\u0161\u0165uje GLS spole\u010dnost. P\u0159edpokl\u00e1dan\u00e1 doba doru\u010den\u00ed produkt\u016f skladem je 2-5 pracovn\u00edch dn\u016f na v\u0161echny objedn\u00e1vky v Evrop\u011b. Dod\u00e1n\u00ed je ur\u010deno za zadanou doru\u010dovac\u00ed adresu, poskytnutou b\u011bhem vytv\u00e1\u0159en\u00ed objedn\u00e1vky. Pokud se na adrese v dob\u011b dod\u00e1n\u00ed nikdy nenach\u00e1z\u00ed, je mo\u017en\u00e9 si produkt vyzvednout podle instrukc\u00ed kur\u00fdrn\u00ed spole\u010dnosti.<\/p>\n<h3>Vr\u00e1cen\u00ed produktu<\/h3>\n<p>Zakoupen\u00e9 produkty m\u016f\u017ee\u0161 vr\u00e1tit do 30 dn\u016f od jejich p\u0159evzet\u00ed.<\/p>\n<h5><strong>Pokud jste si zakoupili produkty v posledn\u00edch 30 dnech, m\u016f\u017eete je vr\u00e1tit a po\u017e\u00e1dat o vr\u00e1cen\u00ed pen\u011bz nebo o v\u00fdm\u011bnu za jin\u00e9 zbo\u017e\u00ed, ani\u017e byste n\u00e1m sd\u011blili d\u016fvod. Chcete-li iniciovat vr\u00e1cen\u00ed pen\u011bz, vypl\u0148te pros\u00edm n\u00ed\u017ee uveden\u00fd formul\u00e1\u0159:<\/strong><\/h5>\n\n<div class=\"wpcf7 no-js\" id=\"wpcf7-f716-o1\" lang=\"en-US\" dir=\"ltr\" data-wpcf7-id=\"716\">\n<div class=\"screen-reader-response\"><p role=\"status\" aria-live=\"polite\" aria-atomic=\"true\"><\/p> <ul><\/ul><\/div>\n<form action=\"\/cz\/wp-json\/wp\/v2\/pages\/403#wpcf7-f716-o1\" method=\"post\" class=\"wpcf7-form init\" aria-label=\"Contact form\" novalidate=\"novalidate\" data-status=\"init\">\n<fieldset class=\"hidden-fields-container\"><input type=\"hidden\" name=\"_wpcf7\" value=\"716\" \/><input type=\"hidden\" name=\"_wpcf7_version\" value=\"6.1.5\" \/><input type=\"hidden\" name=\"_wpcf7_locale\" value=\"en_US\" \/><input type=\"hidden\" name=\"_wpcf7_unit_tag\" value=\"wpcf7-f716-o1\" \/><input type=\"hidden\" name=\"_wpcf7_container_post\" value=\"0\" \/><input type=\"hidden\" name=\"_wpcf7_posted_data_hash\" value=\"\" \/><input type=\"hidden\" name=\"_wpcf7_recaptcha_response\" value=\"\" \/>\n<\/fieldset>\n<div class=\"contact-wrapper\">\n\t<h3>Formul\u00e1\u0159 pro vr\u00e1cen\u00ed:\n\t<\/h3>\n\t<div class=\"contact-wrapper-inner\">\n\t\t<div class=\"first-row row-cf double\">\n\t\t\t<p><label><br \/>\n<span class=\"wpcf7-form-control-wrap\" data-name=\"your-name\"><input size=\"40\" maxlength=\"400\" class=\"wpcf7-form-control wpcf7-text wpcf7-validates-as-required\" autocomplete=\"name\" aria-required=\"true\" aria-invalid=\"false\" placeholder=\"Tvoje jm\u00e9no\" value=\"\" type=\"text\" name=\"your-name\" \/><\/span> <\/label><br \/>\n<label><br \/>\n<span class=\"wpcf7-form-control-wrap\" data-name=\"your-email\"><input size=\"40\" maxlength=\"400\" class=\"wpcf7-form-control wpcf7-email wpcf7-validates-as-required wpcf7-text wpcf7-validates-as-email\" autocomplete=\"email\" aria-required=\"true\" aria-invalid=\"false\" placeholder=\"Tv\u016fj e-mil\" value=\"\" type=\"email\" name=\"your-email\" \/><\/span> <\/label>\n\t\t\t<\/p>\n\t\t<\/div>\n\t\t<div class=\"second-row row-cf double\">\n\t\t\t<p><label><br \/>\n<span class=\"wpcf7-form-control-wrap\" data-name=\"your-subject\"><input size=\"40\" maxlength=\"400\" class=\"wpcf7-form-control wpcf7-text wpcf7-validates-as-required\" aria-required=\"true\" aria-invalid=\"false\" placeholder=\"Jak\u00fd produkt chce\u0161 vr\u00e1tit?\" value=\"\" type=\"text\" name=\"your-subject\" \/><\/span> <\/label><br \/>\n<label><br \/>\n<span class=\"wpcf7-form-control-wrap\" data-name=\"your-order\"><input size=\"40\" maxlength=\"400\" class=\"wpcf7-form-control wpcf7-text\" aria-invalid=\"false\" placeholder=\"\u010c\u00edslo objedn\u00e1vky (dostupn\u00e9 v e-mailu)\" value=\"\" type=\"text\" name=\"your-order\" \/><\/span> <\/label>\n\t\t\t<\/p>\n\t\t<\/div>\n\t\t<div class=\"third-row row-cf\">\n\t\t\t<p><label><br \/>\n<span class=\"wpcf7-form-control-wrap\" data-name=\"your-message\"><textarea cols=\"40\" rows=\"10\" maxlength=\"2000\" class=\"wpcf7-form-control wpcf7-textarea\" aria-invalid=\"false\" placeholder=\"Tvoje zpr\u00e1va\" name=\"your-message\"><\/textarea><\/span> <\/label>\n\t\t\t<\/p>\n\t\t<\/div>\n\t\t<p><input class=\"wpcf7-form-control wpcf7-submit has-spinner\" type=\"submit\" value=\"Odeslat\" \/>\n\t\t<\/p>\n\t<\/div>\n<\/div><div class=\"wpcf7-response-output\" aria-hidden=\"true\"><\/div>\n<\/form>\n<\/div>\n\n<p>Aby byla dodr\u017eena 30denn\u00ed lh\u016fta pro vr\u00e1cen\u00ed zbo\u017e\u00ed, sta\u010d\u00ed zbo\u017e\u00ed odeslat v\u010das a vyplnit a odeslat formul\u00e1\u0159 pro vr\u00e1cen\u00ed zbo\u017e\u00ed. Pr\u00e1vo na vr\u00e1cen\u00ed zbo\u017e\u00ed plat\u00ed pouze v p\u0159\u00edpad\u011b, \u017ee je zbo\u017e\u00ed vr\u00e1ceno v p\u016fvodn\u00edm stavu, nepo\u0161kozen\u00e9 a v origin\u00e1ln\u00edm obalu.<strong> Zbo\u017e\u00ed mus\u00ed b\u00fdt v nov\u00e9m stavu: nepran\u00e9, neporu\u0161en\u00e9 s etiketami a v p\u016fvodn\u00edm obalu.<\/strong><\/p>\n<p><strong>P\u0159i vracen\u00ed nebo v\u00fdm\u011bn\u011b\/v\u00fdm\u011bn\u011b v\u00fdrobk\u016f je pros\u00edm za\u0161lete na adresu:<\/strong><br \/>\nAUTHLETIC d.o.o.<br \/>\nZapotok 123b,<br \/>\n1292 Ig<br \/>\nSI-Slovinsko<\/p>\n<p><strong>Nezapome\u0148te pros\u00edm p\u0159ilo\u017eit k z\u00e1silce fakturu nebo formul\u00e1\u0159 pro vr\u00e1cen\u00ed zbo\u017e\u00ed &#8211; pom\u016f\u017ee n\u00e1m to identifikovat v\u00e1s a hladce vy\u0159\u00eddit v\u00e1\u0161 po\u017eadavek! Pokud zbo\u017e\u00ed vym\u011b\u0148ujete, laskav\u011b n\u00e1m sd\u011blte, kter\u00fd v\u00fdrobek si p\u0159ejete vym\u011bnit. Jsme tu pro v\u00e1s!<\/strong><\/p>\n<p><strong>N\u00e1klady na vr\u00e1cen\u00ed zbo\u017e\u00ed:<\/strong><br \/>\n1. Pokud zbo\u017e\u00ed vym\u011b\u0148ujete, plat\u00edte pouze za jeho zasl\u00e1n\u00ed k n\u00e1m. Nov\u00e9 zbo\u017e\u00ed v\u00e1m za\u0161leme zp\u011bt zdarma!<br \/>\n2. Pokud vrac\u00edte v\u00fdrobky, n\u00e1klady na dopravu jdou na va\u0161i vrub. Z\u00e1silky, kter\u00e9 po\u017eaduj\u00ed platbu na dob\u00edrku, nem\u016f\u017eeme p\u0159ijmout. D\u011bkujeme za pochopen\u00ed.<br \/>\n3. Pokud produkty po\u0161lete zp\u011bt a nebudou spl\u0148ovat na\u0161e podm\u00ednky pro vr\u00e1cen\u00ed, budeme v\u00e1m je muset poslat zp\u011bt na va\u0161e n\u00e1klady.<\/p>\n<h3>Podm\u00ednky vr\u00e1cen\u00ed pen\u011bz<\/h3>\n<p>Podm\u00ednky vr\u00e1cen\u00ed pen\u011bzRefundaci za vr\u00e1cen\u00e9 produkty zpracujeme b\u011bhem 14 dn\u016f od st\u00ed\u017enosti nebo p\u0159ijet\u00ed vr\u00e1cen\u00fdch produkt\u016f.<\/p>\n<p>Cena n\u00e1kupu bude vr\u00e1cena bankovn\u00ed p\u0159evodem na \u00fa\u010det kupuj\u00edc\u00edho. V p\u0159\u00edpad\u011b p\u0159ednastaven\u00e9 platby budou pen\u00edze vr\u00e1ceny na platebn\u00ed metodu, kter\u00e9 bylo vyu\u017eito pro n\u00e1kup produkt\u016f.<\/p>\n<h3>Pozdn\u00ed nebo chyb\u011bj\u00edc\u00ed refundace<\/h3>\n<p>Pokud st\u00e1le \u010dek\u00e1\u0161 na refundaci, zkontroluj nejd\u0159\u00edve sv\u016fj bankovn\u00ed \u00fa\u010det. N\u00e1sledn\u011b kontaktuj vydavatele platebn\u00ed metody, zpracov\u00e1n\u00ed vr\u00e1cen\u00ed pen\u011bz toti\u017e m\u016f\u017ee n\u011bjakou dobu trvat.<\/p>\n<p>V\u011bt\u0161inou trv\u00e1, \u017ee se zpracov\u00e1n\u00ed vr\u00e1cen\u00ed pen\u011bz projev\u00ed v bance po zad\u00e1n\u00ed platebn\u00edho p\u0159\u00edkazu.<\/p>\n<p>Pokud byly dokon\u010deny v\u0161echny v\u00fd\u0161e uveden\u00e9 kroky a platba st\u00e1le nebyla p\u0159ips\u00e1na, kontaktuj n\u00e1s pros\u00edm na support@authleticwear.com.<\/p>\n<h3>V\u00fdm\u011bna<\/h3>\n<p>M\u016f\u017eeme nahradit va\u0161e po\u0161kozen\u00e9 nebo chybn\u011b dodan\u00e9 zbo\u017e\u00ed. Pokud m\u00e1\u0161 z\u00e1jem o nahrazen\u00ed identick\u00fdm produktem, napi\u0161 n\u00e1m e-mail s ve\u0161ker\u00fdmi \u00fadaji o n\u00e1kupu (jm\u00e9no, p\u0159\u00edjmen\u00ed, adresa, pou\u017eit\u00e1 e-mailov\u00e1 adresa pro n\u00e1kup a \u010d\u00edslo objedn\u00e1vky).<\/p>\n<h3>N\u00e1klady na vr\u00e1cen\u00ed<\/h3>\n<p>1. Pokud zbo\u017e\u00ed vym\u011b\u0148ujete, plat\u00edte pouze za jeho zasl\u00e1n\u00ed k n\u00e1m. Nov\u00e9 zbo\u017e\u00ed v\u00e1m za\u0161leme zp\u011bt zdarma!<br \/>\n2. Pokud vrac\u00edte v\u00fdrobky, n\u00e1klady na dopravu jdou na va\u0161i vrub. Z\u00e1silky, kter\u00e9 po\u017eaduj\u00ed platbu na dob\u00edrku, nem\u016f\u017eeme p\u0159ijmout. D\u011bkujeme za pochopen\u00ed!<br \/>\n3. Pokud produkty po\u0161lete zp\u011bt a nebudou spl\u0148ovat na\u0161e podm\u00ednky pro vr\u00e1cen\u00ed, budeme v\u00e1m je muset poslat zp\u011bt na va\u0161e n\u00e1klady.<\/p>\n","protected":false},"excerpt":{"rendered":"<p>Dod\u00e1n\u00ed Dod\u00e1n\u00ed zaji\u0161\u0165uje GLS spole\u010dnost. P\u0159edpokl\u00e1dan\u00e1 doba doru\u010den\u00ed produkt\u016f skladem je 2-5 pracovn\u00edch dn\u016f na v\u0161echny objedn\u00e1vky v Evrop\u011b. Dod\u00e1n\u00ed je ur\u010deno za zadanou doru\u010dovac\u00ed adresu, poskytnutou b\u011bhem vytv\u00e1\u0159en\u00ed objedn\u00e1vky. Pokud se na adrese v dob\u011b dod\u00e1n\u00ed nikdy nenach\u00e1z\u00ed, je mo\u017en\u00e9 si produkt vyzvednout podle instrukc\u00ed kur\u00fdrn\u00ed spole\u010dnosti. Vr\u00e1cen\u00ed produktu Zakoupen\u00e9 produkty m\u016f\u017ee\u0161 vr\u00e1tit do &#8230; <a title=\"Dod\u00e1n\u00ed a vr\u00e1cen\u00ed\" class=\"read-more\" href=\"https:\/\/stagingtwo.authleticwear.com\/cz\/delivery-and-returns\/\" aria-label=\"\u010c\u00edst v\u00edce o Dod\u00e1n\u00ed a vr\u00e1cen\u00ed\">\u010c\u00edst d\u00e1l<\/a><\/p>\n","protected":false},"author":1,"featured_media":0,"parent":0,"menu_order":0,"comment_status":"closed","ping_status":"closed","template":"template-content-page.php","meta":{"_acf_changed":false,"bwfblock_default_font":"","inline_featured_image":false,"footnotes":""},"class_list":["post-403","page","type-page","status-publish"],"acf":[],"yoast_head":"<!-- This site is optimized with the Yoast SEO plugin v27.4 - https:\/\/yoast.com\/product\/yoast-seo-wordpress\/ -->\n<title>Dod\u00e1n\u00ed a vr\u00e1cen\u00ed - Authletic CZ<\/title>\n<meta name=\"robots\" content=\"noindex, follow, max-snippet:-1, max-image-preview:large, max-video-preview:-1\" \/>\n<meta property=\"og:locale\" content=\"cs_CZ\" \/>\n<meta property=\"og:type\" content=\"article\" \/>\n<meta property=\"og:title\" content=\"Dod\u00e1n\u00ed a vr\u00e1cen\u00ed - Authletic CZ\" \/>\n<meta property=\"og:description\" content=\"Dod\u00e1n\u00ed Dod\u00e1n\u00ed zaji\u0161\u0165uje GLS spole\u010dnost. P\u0159edpokl\u00e1dan\u00e1 doba doru\u010den\u00ed produkt\u016f skladem je 2-5 pracovn\u00edch dn\u016f na v\u0161echny objedn\u00e1vky v Evrop\u011b. Dod\u00e1n\u00ed je ur\u010deno za zadanou doru\u010dovac\u00ed adresu, poskytnutou b\u011bhem vytv\u00e1\u0159en\u00ed objedn\u00e1vky. Pokud se na adrese v dob\u011b dod\u00e1n\u00ed nikdy nenach\u00e1z\u00ed, je mo\u017en\u00e9 si produkt vyzvednout podle instrukc\u00ed kur\u00fdrn\u00ed spole\u010dnosti. Vr\u00e1cen\u00ed produktu Zakoupen\u00e9 produkty m\u016f\u017ee\u0161 vr\u00e1tit do ... \u010c\u00edst d\u00e1l\" \/>\n<meta property=\"og:url\" content=\"https:\/\/stagingtwo.authleticwear.com\/cz\/delivery-and-returns\/\" \/>\n<meta property=\"og:site_name\" content=\"Authletic CZ\" \/>\n<meta property=\"article:publisher\" content=\"https:\/\/facebook.com\/authletic\/\" \/>\n<meta property=\"article:modified_time\" content=\"2025-09-17T12:31:15+00:00\" \/>\n<meta property=\"og:image\" content=\"https:\/\/stagingtwo.authleticwear.com\/cz\/wp-content\/uploads\/sites\/3\/2024\/08\/Home_page_desktop-scaled.jpg\" \/>\n\t<meta property=\"og:image:width\" content=\"2560\" \/>\n\t<meta property=\"og:image:height\" content=\"1765\" \/>\n\t<meta property=\"og:image:type\" content=\"image\/jpeg\" \/>\n<meta name=\"twitter:card\" content=\"summary_large_image\" \/>\n<meta name=\"twitter:label1\" content=\"Odhadovan\u00e1 doba \u010dten\u00ed\" \/>\n\t<meta name=\"twitter:data1\" content=\"3 minuty\" \/>\n<script type=\"application\/ld+json\" class=\"yoast-schema-graph\">{\"@context\":\"https:\\\/\\\/schema.org\",\"@graph\":[{\"@type\":\"WebPage\",\"@id\":\"https:\\\/\\\/stagingtwo.authleticwear.com\\\/cz\\\/delivery-and-returns\\\/\",\"url\":\"https:\\\/\\\/stagingtwo.authleticwear.com\\\/cz\\\/delivery-and-returns\\\/\",\"name\":\"Dod\u00e1n\u00ed a vr\u00e1cen\u00ed - Authletic CZ\",\"isPartOf\":{\"@id\":\"https:\\\/\\\/stagingtwo.authleticwear.com\\\/cz\\\/#website\"},\"datePublished\":\"2023-11-15T15:31:28+00:00\",\"dateModified\":\"2025-09-17T12:31:15+00:00\",\"breadcrumb\":{\"@id\":\"https:\\\/\\\/stagingtwo.authleticwear.com\\\/cz\\\/delivery-and-returns\\\/#breadcrumb\"},\"inLanguage\":\"cs\",\"potentialAction\":[{\"@type\":\"ReadAction\",\"target\":[\"https:\\\/\\\/stagingtwo.authleticwear.com\\\/cz\\\/delivery-and-returns\\\/\"]}]},{\"@type\":\"BreadcrumbList\",\"@id\":\"https:\\\/\\\/stagingtwo.authleticwear.com\\\/cz\\\/delivery-and-returns\\\/#breadcrumb\",\"itemListElement\":[{\"@type\":\"ListItem\",\"position\":1,\"name\":\"Home\",\"item\":\"https:\\\/\\\/stagingtwo.authleticwear.com\\\/cz\\\/\"},{\"@type\":\"ListItem\",\"position\":2,\"name\":\"Dod\u00e1n\u00ed a vr\u00e1cen\u00ed\"}]},{\"@type\":\"WebSite\",\"@id\":\"https:\\\/\\\/stagingtwo.authleticwear.com\\\/cz\\\/#website\",\"url\":\"https:\\\/\\\/stagingtwo.authleticwear.com\\\/cz\\\/\",\"name\":\"Authletic CZ\",\"description\":\"I am Authentic. I am Athletic. I am Authletic.\",\"publisher\":{\"@id\":\"https:\\\/\\\/stagingtwo.authleticwear.com\\\/cz\\\/#organization\"},\"potentialAction\":[{\"@type\":\"SearchAction\",\"target\":{\"@type\":\"EntryPoint\",\"urlTemplate\":\"https:\\\/\\\/stagingtwo.authleticwear.com\\\/cz\\\/?s={search_term_string}\"},\"query-input\":{\"@type\":\"PropertyValueSpecification\",\"valueRequired\":true,\"valueName\":\"search_term_string\"}}],\"inLanguage\":\"cs\"},{\"@type\":\"Organization\",\"@id\":\"https:\\\/\\\/stagingtwo.authleticwear.com\\\/cz\\\/#organization\",\"name\":\"Authletic CZ\",\"url\":\"https:\\\/\\\/stagingtwo.authleticwear.com\\\/cz\\\/\",\"logo\":{\"@type\":\"ImageObject\",\"inLanguage\":\"cs\",\"@id\":\"https:\\\/\\\/stagingtwo.authleticwear.com\\\/cz\\\/#\\\/schema\\\/logo\\\/image\\\/\",\"url\":\"https:\\\/\\\/stagingtwo.authleticwear.com\\\/cz\\\/wp-content\\\/uploads\\\/sites\\\/3\\\/2023\\\/11\\\/logo-web-authletic.svg\",\"contentUrl\":\"https:\\\/\\\/stagingtwo.authleticwear.com\\\/cz\\\/wp-content\\\/uploads\\\/sites\\\/3\\\/2023\\\/11\\\/logo-web-authletic.svg\",\"caption\":\"Authletic CZ\"},\"image\":{\"@id\":\"https:\\\/\\\/stagingtwo.authleticwear.com\\\/cz\\\/#\\\/schema\\\/logo\\\/image\\\/\"},\"sameAs\":[\"https:\\\/\\\/facebook.com\\\/authletic\\\/\",\"https:\\\/\\\/instagram.com\\\/authleticwear\\\/\",\"https:\\\/\\\/tiktok.com\\\/@authletic\"]}]}<\/script>\n<!-- \/ Yoast SEO plugin. -->","yoast_head_json":{"title":"Dod\u00e1n\u00ed a vr\u00e1cen\u00ed - Authletic CZ","robots":{"index":"noindex","follow":"follow","max-snippet":"max-snippet:-1","max-image-preview":"max-image-preview:large","max-video-preview":"max-video-preview:-1"},"og_locale":"cs_CZ","og_type":"article","og_title":"Dod\u00e1n\u00ed a vr\u00e1cen\u00ed - Authletic CZ","og_description":"Dod\u00e1n\u00ed Dod\u00e1n\u00ed zaji\u0161\u0165uje GLS spole\u010dnost. P\u0159edpokl\u00e1dan\u00e1 doba doru\u010den\u00ed produkt\u016f skladem je 2-5 pracovn\u00edch dn\u016f na v\u0161echny objedn\u00e1vky v Evrop\u011b. Dod\u00e1n\u00ed je ur\u010deno za zadanou doru\u010dovac\u00ed adresu, poskytnutou b\u011bhem vytv\u00e1\u0159en\u00ed objedn\u00e1vky. Pokud se na adrese v dob\u011b dod\u00e1n\u00ed nikdy nenach\u00e1z\u00ed, je mo\u017en\u00e9 si produkt vyzvednout podle instrukc\u00ed kur\u00fdrn\u00ed spole\u010dnosti. Vr\u00e1cen\u00ed produktu Zakoupen\u00e9 produkty m\u016f\u017ee\u0161 vr\u00e1tit do ... \u010c\u00edst d\u00e1l","og_url":"https:\/\/stagingtwo.authleticwear.com\/cz\/delivery-and-returns\/","og_site_name":"Authletic CZ","article_publisher":"https:\/\/facebook.com\/authletic\/","article_modified_time":"2025-09-17T12:31:15+00:00","og_image":[{"width":2560,"height":1765,"url":"https:\/\/stagingtwo.authleticwear.com\/cz\/wp-content\/uploads\/sites\/3\/2024\/08\/Home_page_desktop-scaled.jpg","type":"image\/jpeg"}],"twitter_card":"summary_large_image","twitter_misc":{"Odhadovan\u00e1 doba \u010dten\u00ed":"3 minuty"},"schema":{"@context":"https:\/\/schema.org","@graph":[{"@type":"WebPage","@id":"https:\/\/stagingtwo.authleticwear.com\/cz\/delivery-and-returns\/","url":"https:\/\/stagingtwo.authleticwear.com\/cz\/delivery-and-returns\/","name":"Dod\u00e1n\u00ed a vr\u00e1cen\u00ed - Authletic CZ","isPartOf":{"@id":"https:\/\/stagingtwo.authleticwear.com\/cz\/#website"},"datePublished":"2023-11-15T15:31:28+00:00","dateModified":"2025-09-17T12:31:15+00:00","breadcrumb":{"@id":"https:\/\/stagingtwo.authleticwear.com\/cz\/delivery-and-returns\/#breadcrumb"},"inLanguage":"cs","potentialAction":[{"@type":"ReadAction","target":["https:\/\/stagingtwo.authleticwear.com\/cz\/delivery-and-returns\/"]}]},{"@type":"BreadcrumbList","@id":"https:\/\/stagingtwo.authleticwear.com\/cz\/delivery-and-returns\/#breadcrumb","itemListElement":[{"@type":"ListItem","position":1,"name":"Home","item":"https:\/\/stagingtwo.authleticwear.com\/cz\/"},{"@type":"ListItem","position":2,"name":"Dod\u00e1n\u00ed a vr\u00e1cen\u00ed"}]},{"@type":"WebSite","@id":"https:\/\/stagingtwo.authleticwear.com\/cz\/#website","url":"https:\/\/stagingtwo.authleticwear.com\/cz\/","name":"Authletic CZ","description":"I am Authentic. I am Athletic. I am Authletic.","publisher":{"@id":"https:\/\/stagingtwo.authleticwear.com\/cz\/#organization"},"potentialAction":[{"@type":"SearchAction","target":{"@type":"EntryPoint","urlTemplate":"https:\/\/stagingtwo.authleticwear.com\/cz\/?s={search_term_string}"},"query-input":{"@type":"PropertyValueSpecification","valueRequired":true,"valueName":"search_term_string"}}],"inLanguage":"cs"},{"@type":"Organization","@id":"https:\/\/stagingtwo.authleticwear.com\/cz\/#organization","name":"Authletic CZ","url":"https:\/\/stagingtwo.authleticwear.com\/cz\/","logo":{"@type":"ImageObject","inLanguage":"cs","@id":"https:\/\/stagingtwo.authleticwear.com\/cz\/#\/schema\/logo\/image\/","url":"https:\/\/stagingtwo.authleticwear.com\/cz\/wp-content\/uploads\/sites\/3\/2023\/11\/logo-web-authletic.svg","contentUrl":"https:\/\/stagingtwo.authleticwear.com\/cz\/wp-content\/uploads\/sites\/3\/2023\/11\/logo-web-authletic.svg","caption":"Authletic CZ"},"image":{"@id":"https:\/\/stagingtwo.authleticwear.com\/cz\/#\/schema\/logo\/image\/"},"sameAs":["https:\/\/facebook.com\/authletic\/","https:\/\/instagram.com\/authleticwear\/","https:\/\/tiktok.com\/@authletic"]}]}},"_links":{"self":[{"href":"https:\/\/stagingtwo.authleticwear.com\/cz\/wp-json\/wp\/v2\/pages\/403","targetHints":{"allow":["GET"]}}],"collection":[{"href":"https:\/\/stagingtwo.authleticwear.com\/cz\/wp-json\/wp\/v2\/pages"}],"about":[{"href":"https:\/\/stagingtwo.authleticwear.com\/cz\/wp-json\/wp\/v2\/types\/page"}],"author":[{"embeddable":true,"href":"https:\/\/stagingtwo.authleticwear.com\/cz\/wp-json\/wp\/v2\/users\/1"}],"replies":[{"embeddable":true,"href":"https:\/\/stagingtwo.authleticwear.com\/cz\/wp-json\/wp\/v2\/comments?post=403"}],"version-history":[{"count":4,"href":"https:\/\/stagingtwo.authleticwear.com\/cz\/wp-json\/wp\/v2\/pages\/403\/revisions"}],"predecessor-version":[{"id":6110,"href":"https:\/\/stagingtwo.authleticwear.com\/cz\/wp-json\/wp\/v2\/pages\/403\/revisions\/6110"}],"wp:attachment":[{"href":"https:\/\/stagingtwo.authleticwear.com\/cz\/wp-json\/wp\/v2\/media?parent=403"}],"curies":[{"name":"wp","href":"https:\/\/api.w.org\/{rel}","templated":true}]}}