{"id":8,"date":"2023-06-29T09:48:10","date_gmt":"2023-06-29T09:48:10","guid":{"rendered":"http:\/\/authleticwear\/?page_id=8"},"modified":"2025-10-21T17:26:54","modified_gmt":"2025-10-21T15:26:54","slug":"home","status":"publish","type":"page","link":"https:\/\/stagingtwo.authleticwear.com\/cz\/","title":{"rendered":"Home"},"content":{"rendered":"","protected":false},"excerpt":{"rendered":"","protected":false},"author":1,"featured_media":0,"parent":0,"menu_order":0,"comment_status":"closed","ping_status":"closed","template":"template-home.php","meta":{"_acf_changed":false,"bwfblock_default_font":"","inline_featured_image":false,"footnotes":""},"class_list":["post-8","page","type-page","status-publish"],"acf":[],"yoast_head":"<!-- This site is optimized with the Yoast SEO plugin v27.4 - https:\/\/yoast.com\/product\/yoast-seo-wordpress\/ -->\n<title>Authletic CZ<\/title>\n<meta name=\"description\" content=\"Be Athletic. Be Authentic. Be AUTHLETIC. Vydejte se s n\u00e1mi na cestu l\u00e1sky, sm\u00edchu a \u0161pi\u010dkov\u00e9ho sportovn\u00edho oble\u010den\u00ed.\" \/>\n<meta name=\"robots\" content=\"noindex, follow, max-snippet:-1, max-image-preview:large, max-video-preview:-1\" \/>\n<meta property=\"og:locale\" content=\"cs_CZ\" \/>\n<meta property=\"og:type\" content=\"article\" \/>\n<meta property=\"og:title\" content=\"Authletic CZ\" \/>\n<meta property=\"og:description\" content=\"Be Athletic. Be Authentic. Be AUTHLETIC. Vydejte se s n\u00e1mi na cestu l\u00e1sky, sm\u00edchu a \u0161pi\u010dkov\u00e9ho sportovn\u00edho oble\u010den\u00ed.\" \/>\n<meta property=\"og:url\" content=\"https:\/\/stagingtwo.authleticwear.com\/cz\/\" \/>\n<meta property=\"og:site_name\" content=\"Authletic CZ\" \/>\n<meta property=\"article:publisher\" content=\"https:\/\/facebook.com\/authletic\/\" \/>\n<meta property=\"article:modified_time\" content=\"2025-10-21T15:26:54+00:00\" \/>\n<meta property=\"og:image\" content=\"https:\/\/stagingtwo.authleticwear.com\/cz\/wp-content\/uploads\/sites\/3\/2024\/08\/Home_page_desktop-scaled.jpg\" \/>\n\t<meta property=\"og:image:width\" content=\"2560\" \/>\n\t<meta property=\"og:image:height\" content=\"1765\" \/>\n\t<meta property=\"og:image:type\" content=\"image\/jpeg\" \/>\n<meta name=\"twitter:card\" content=\"summary_large_image\" \/>\n<script type=\"application\/ld+json\" class=\"yoast-schema-graph\">{\"@context\":\"https:\\\/\\\/schema.org\",\"@graph\":[{\"@type\":\"WebPage\",\"@id\":\"https:\\\/\\\/stagingtwo.authleticwear.com\\\/cz\\\/\",\"url\":\"https:\\\/\\\/stagingtwo.authleticwear.com\\\/cz\\\/\",\"name\":\"Authletic CZ\",\"isPartOf\":{\"@id\":\"https:\\\/\\\/stagingtwo.authleticwear.com\\\/cz\\\/#website\"},\"datePublished\":\"2023-06-29T09:48:10+00:00\",\"dateModified\":\"2025-10-21T15:26:54+00:00\",\"description\":\"Be Athletic. Be Authentic. Be AUTHLETIC. Vydejte se s n\u00e1mi na cestu l\u00e1sky, sm\u00edchu a \u0161pi\u010dkov\u00e9ho sportovn\u00edho oble\u010den\u00ed.\",\"breadcrumb\":{\"@id\":\"https:\\\/\\\/stagingtwo.authleticwear.com\\\/cz\\\/#breadcrumb\"},\"inLanguage\":\"cs\",\"potentialAction\":[{\"@type\":\"ReadAction\",\"target\":[\"https:\\\/\\\/stagingtwo.authleticwear.com\\\/cz\\\/\"]}]},{\"@type\":\"BreadcrumbList\",\"@id\":\"https:\\\/\\\/stagingtwo.authleticwear.com\\\/cz\\\/#breadcrumb\",\"itemListElement\":[{\"@type\":\"ListItem\",\"position\":1,\"name\":\"Home\",\"item\":\"https:\\\/\\\/stagingtwo.authleticwear.com\\\/cz\\\/\"},{\"@type\":\"ListItem\",\"position\":2,\"name\":\"Home\"}]},{\"@type\":\"WebSite\",\"@id\":\"https:\\\/\\\/stagingtwo.authleticwear.com\\\/cz\\\/#website\",\"url\":\"https:\\\/\\\/stagingtwo.authleticwear.com\\\/cz\\\/\",\"name\":\"Authletic CZ\",\"description\":\"I am Authentic. I am Athletic. I am Authletic.\",\"publisher\":{\"@id\":\"https:\\\/\\\/stagingtwo.authleticwear.com\\\/cz\\\/#organization\"},\"potentialAction\":[{\"@type\":\"SearchAction\",\"target\":{\"@type\":\"EntryPoint\",\"urlTemplate\":\"https:\\\/\\\/stagingtwo.authleticwear.com\\\/cz\\\/?s={search_term_string}\"},\"query-input\":{\"@type\":\"PropertyValueSpecification\",\"valueRequired\":true,\"valueName\":\"search_term_string\"}}],\"inLanguage\":\"cs\"},{\"@type\":\"Organization\",\"@id\":\"https:\\\/\\\/stagingtwo.authleticwear.com\\\/cz\\\/#organization\",\"name\":\"Authletic CZ\",\"url\":\"https:\\\/\\\/stagingtwo.authleticwear.com\\\/cz\\\/\",\"logo\":{\"@type\":\"ImageObject\",\"inLanguage\":\"cs\",\"@id\":\"https:\\\/\\\/stagingtwo.authleticwear.com\\\/cz\\\/#\\\/schema\\\/logo\\\/image\\\/\",\"url\":\"https:\\\/\\\/stagingtwo.authleticwear.com\\\/cz\\\/wp-content\\\/uploads\\\/sites\\\/3\\\/2023\\\/11\\\/logo-web-authletic.svg\",\"contentUrl\":\"https:\\\/\\\/stagingtwo.authleticwear.com\\\/cz\\\/wp-content\\\/uploads\\\/sites\\\/3\\\/2023\\\/11\\\/logo-web-authletic.svg\",\"caption\":\"Authletic CZ\"},\"image\":{\"@id\":\"https:\\\/\\\/stagingtwo.authleticwear.com\\\/cz\\\/#\\\/schema\\\/logo\\\/image\\\/\"},\"sameAs\":[\"https:\\\/\\\/facebook.com\\\/authletic\\\/\",\"https:\\\/\\\/instagram.com\\\/authleticwear\\\/\",\"https:\\\/\\\/tiktok.com\\\/@authletic\"]}]}<\/script>\n<!-- \/ Yoast SEO plugin. -->","yoast_head_json":{"title":"Authletic CZ","description":"Be Athletic. Be Authentic. Be AUTHLETIC. Vydejte se s n\u00e1mi na cestu l\u00e1sky, sm\u00edchu a \u0161pi\u010dkov\u00e9ho sportovn\u00edho oble\u010den\u00ed.","robots":{"index":"noindex","follow":"follow","max-snippet":"max-snippet:-1","max-image-preview":"max-image-preview:large","max-video-preview":"max-video-preview:-1"},"og_locale":"cs_CZ","og_type":"article","og_title":"Authletic CZ","og_description":"Be Athletic. Be Authentic. Be AUTHLETIC. Vydejte se s n\u00e1mi na cestu l\u00e1sky, sm\u00edchu a \u0161pi\u010dkov\u00e9ho sportovn\u00edho oble\u010den\u00ed.","og_url":"https:\/\/stagingtwo.authleticwear.com\/cz\/","og_site_name":"Authletic CZ","article_publisher":"https:\/\/facebook.com\/authletic\/","article_modified_time":"2025-10-21T15:26:54+00:00","og_image":[{"width":2560,"height":1765,"url":"https:\/\/stagingtwo.authleticwear.com\/cz\/wp-content\/uploads\/sites\/3\/2024\/08\/Home_page_desktop-scaled.jpg","type":"image\/jpeg"}],"twitter_card":"summary_large_image","schema":{"@context":"https:\/\/schema.org","@graph":[{"@type":"WebPage","@id":"https:\/\/stagingtwo.authleticwear.com\/cz\/","url":"https:\/\/stagingtwo.authleticwear.com\/cz\/","name":"Authletic CZ","isPartOf":{"@id":"https:\/\/stagingtwo.authleticwear.com\/cz\/#website"},"datePublished":"2023-06-29T09:48:10+00:00","dateModified":"2025-10-21T15:26:54+00:00","description":"Be Athletic. Be Authentic. Be AUTHLETIC. Vydejte se s n\u00e1mi na cestu l\u00e1sky, sm\u00edchu a \u0161pi\u010dkov\u00e9ho sportovn\u00edho oble\u010den\u00ed.","breadcrumb":{"@id":"https:\/\/stagingtwo.authleticwear.com\/cz\/#breadcrumb"},"inLanguage":"cs","potentialAction":[{"@type":"ReadAction","target":["https:\/\/stagingtwo.authleticwear.com\/cz\/"]}]},{"@type":"BreadcrumbList","@id":"https:\/\/stagingtwo.authleticwear.com\/cz\/#breadcrumb","itemListElement":[{"@type":"ListItem","position":1,"name":"Home","item":"https:\/\/stagingtwo.authleticwear.com\/cz\/"},{"@type":"ListItem","position":2,"name":"Home"}]},{"@type":"WebSite","@id":"https:\/\/stagingtwo.authleticwear.com\/cz\/#website","url":"https:\/\/stagingtwo.authleticwear.com\/cz\/","name":"Authletic CZ","description":"I am Authentic. I am Athletic. I am Authletic.","publisher":{"@id":"https:\/\/stagingtwo.authleticwear.com\/cz\/#organization"},"potentialAction":[{"@type":"SearchAction","target":{"@type":"EntryPoint","urlTemplate":"https:\/\/stagingtwo.authleticwear.com\/cz\/?s={search_term_string}"},"query-input":{"@type":"PropertyValueSpecification","valueRequired":true,"valueName":"search_term_string"}}],"inLanguage":"cs"},{"@type":"Organization","@id":"https:\/\/stagingtwo.authleticwear.com\/cz\/#organization","name":"Authletic CZ","url":"https:\/\/stagingtwo.authleticwear.com\/cz\/","logo":{"@type":"ImageObject","inLanguage":"cs","@id":"https:\/\/stagingtwo.authleticwear.com\/cz\/#\/schema\/logo\/image\/","url":"https:\/\/stagingtwo.authleticwear.com\/cz\/wp-content\/uploads\/sites\/3\/2023\/11\/logo-web-authletic.svg","contentUrl":"https:\/\/stagingtwo.authleticwear.com\/cz\/wp-content\/uploads\/sites\/3\/2023\/11\/logo-web-authletic.svg","caption":"Authletic CZ"},"image":{"@id":"https:\/\/stagingtwo.authleticwear.com\/cz\/#\/schema\/logo\/image\/"},"sameAs":["https:\/\/facebook.com\/authletic\/","https:\/\/instagram.com\/authleticwear\/","https:\/\/tiktok.com\/@authletic"]}]}},"_links":{"self":[{"href":"https:\/\/stagingtwo.authleticwear.com\/cz\/wp-json\/wp\/v2\/pages\/8","targetHints":{"allow":["GET"]}}],"collection":[{"href":"https:\/\/stagingtwo.authleticwear.com\/cz\/wp-json\/wp\/v2\/pages"}],"about":[{"href":"https:\/\/stagingtwo.authleticwear.com\/cz\/wp-json\/wp\/v2\/types\/page"}],"author":[{"embeddable":true,"href":"https:\/\/stagingtwo.authleticwear.com\/cz\/wp-json\/wp\/v2\/users\/1"}],"replies":[{"embeddable":true,"href":"https:\/\/stagingtwo.authleticwear.com\/cz\/wp-json\/wp\/v2\/comments?post=8"}],"version-history":[{"count":3,"href":"https:\/\/stagingtwo.authleticwear.com\/cz\/wp-json\/wp\/v2\/pages\/8\/revisions"}],"predecessor-version":[{"id":6721,"href":"https:\/\/stagingtwo.authleticwear.com\/cz\/wp-json\/wp\/v2\/pages\/8\/revisions\/6721"}],"wp:attachment":[{"href":"https:\/\/stagingtwo.authleticwear.com\/cz\/wp-json\/wp\/v2\/media?parent=8"}],"curies":[{"name":"wp","href":"https:\/\/api.w.org\/{rel}","templated":true}]}}