{"id":4491,"date":"2025-06-12T14:17:11","date_gmt":"2025-06-12T12:17:11","guid":{"rendered":"https:\/\/authleticwear.com\/cz\/?post_type=product&#038;p=4491"},"modified":"2025-10-19T08:02:38","modified_gmt":"2025-10-19T06:02:38","slug":"alea-push-up-leginy-petrol-night","status":"publish","type":"product","link":"https:\/\/stagingtwo.authleticwear.com\/cz\/product\/alea-push-up-leginy-petrol-night\/","title":{"rendered":"Alea Push-Up Leg\u00edny &#8211; Petrol Night"},"content":{"rendered":"","protected":false},"excerpt":{"rendered":"<p>Objevte na\u0161e prvn\u00ed seamless leg\u00edny, kter\u00e9 maj\u00ed v\u00fdrazn\u00fd a propracovan\u00fd <em data-start=\"314\" data-end=\"323\">scrunch<\/em> \u0161ev. V kombinaci s \u017eebrovan\u00fdmi detaily pod h\u00fd\u017ed\u011bmi vytv\u00e1\u0159\u00ed dokonal\u00fd push-up efekt a kr\u00e1sn\u011b tvaruj\u00ed cel\u00e9 spodn\u00ed partie t\u011bla. M\u011bk\u010d\u00ed l\u00e1tka v oblasti h\u00fd\u017ed\u00ed umo\u017e\u0148uje, aby se <em data-start=\"493\" data-end=\"502\">scrunch<\/em> pln\u011b p\u0159izp\u016fsobil a zv\u00fdraznil k\u0159ivky.<br data-start=\"539\" data-end=\"542\" \/>Speci\u00e1ln\u00ed kompresn\u00ed l\u00e1tka opticky sni\u017euje vzhled celulitidy, vyhlazuje poko\u017eku a formuje postavu. Kv\u016fli pevn\u00e9 struktu\u0159e m\u016f\u017ee obl\u00e9k\u00e1n\u00ed vy\u017eadovat trochu v\u00edce \u00fapravy, ale jakmile jsou leg\u00edny na m\u00edst\u011b, poskytuj\u00ed pln\u00e9 pohodl\u00ed, podporu a volnost pohybu.<br data-start=\"789\" data-end=\"792\" \/>Vysok\u00fd a pevn\u00fd \u017eebrovan\u00fd pas poskytuje \u00faplnou podporu b\u0159icha a udr\u017euje leg\u00edny na sv\u00e9m m\u00edst\u011b po celou dobu no\u0161en\u00ed.<\/p>\n<p><strong>Materi\u00e1l:<br \/>\n<\/strong>\u2013 90% Nylon<br \/>\n\u2013 10% Elastanu<\/p>\n","protected":false},"featured_media":4567,"comment_status":"open","ping_status":"closed","template":"","meta":{"_acf_changed":false,"bwfblock_default_font":"","inline_featured_image":false},"product_brand":[],"product_cat":[80,18],"product_tag":[25,81],"class_list":{"0":"post-4491","1":"product","2":"type-product","3":"status-publish","4":"has-post-thumbnail","6":"product_cat-alea","7":"product_cat-leggings","8":"product_tag-new","9":"product_tag-push-up","11":"first","12":"outofstock","13":"sale","14":"featured","15":"shipping-taxable","16":"purchasable","17":"product-type-variable","18":"has-default-attributes"},"acf":[],"yoast_head":"<!-- This site is optimized with the Yoast SEO plugin v27.4 - https:\/\/yoast.com\/product\/yoast-seo-wordpress\/ -->\n<title>Alea Push-Up Leg\u00edny - Petrol Night - Authletic CZ<\/title>\n<meta name=\"robots\" content=\"noindex, follow, max-snippet:-1, max-image-preview:large, max-video-preview:-1\" \/>\n<meta property=\"og:locale\" content=\"cs_CZ\" \/>\n<meta property=\"og:type\" content=\"article\" \/>\n<meta property=\"og:title\" content=\"Alea Push-Up Leg\u00edny - Petrol Night - Authletic CZ\" \/>\n<meta property=\"og:description\" content=\"Objevte na\u0161e prvn\u00ed seamless leg\u00edny, kter\u00e9 maj\u00ed v\u00fdrazn\u00fd a propracovan\u00fd scrunch \u0161ev. V kombinaci s \u017eebrovan\u00fdmi detaily pod h\u00fd\u017ed\u011bmi vytv\u00e1\u0159\u00ed dokonal\u00fd push-up efekt a kr\u00e1sn\u011b tvaruj\u00ed cel\u00e9 spodn\u00ed partie t\u011bla. M\u011bk\u010d\u00ed l\u00e1tka v oblasti h\u00fd\u017ed\u00ed umo\u017e\u0148uje, aby se scrunch pln\u011b p\u0159izp\u016fsobil a zv\u00fdraznil k\u0159ivky.Speci\u00e1ln\u00ed kompresn\u00ed l\u00e1tka opticky sni\u017euje vzhled celulitidy, vyhlazuje poko\u017eku a formuje postavu. Kv\u016fli pevn\u00e9 struktu\u0159e m\u016f\u017ee obl\u00e9k\u00e1n\u00ed vy\u017eadovat trochu v\u00edce \u00fapravy, ale jakmile jsou leg\u00edny na m\u00edst\u011b, poskytuj\u00ed pln\u00e9 pohodl\u00ed, podporu a volnost pohybu.Vysok\u00fd a pevn\u00fd \u017eebrovan\u00fd pas poskytuje \u00faplnou podporu b\u0159icha a udr\u017euje leg\u00edny na sv\u00e9m m\u00edst\u011b po celou dobu no\u0161en\u00ed.  Materi\u00e1l: \u2013 90% Nylon \u2013 10% Elastanu\" \/>\n<meta property=\"og:url\" content=\"https:\/\/stagingtwo.authleticwear.com\/cz\/product\/alea-push-up-leginy-petrol-night\/\" \/>\n<meta property=\"og:site_name\" content=\"Authletic CZ\" \/>\n<meta property=\"article:publisher\" content=\"https:\/\/facebook.com\/authletic\/\" \/>\n<meta property=\"article:modified_time\" content=\"2025-10-19T06:02:38+00:00\" \/>\n<meta property=\"og:image\" content=\"https:\/\/stagingtwo.authleticwear.com\/cz\/wp-content\/uploads\/sites\/3\/2025\/06\/Alea-features-blue-long.jpg\" \/>\n\t<meta property=\"og:image:width\" content=\"1400\" \/>\n\t<meta property=\"og:image:height\" content=\"2000\" \/>\n\t<meta property=\"og:image:type\" content=\"image\/jpeg\" \/>\n<meta name=\"twitter:card\" content=\"summary_large_image\" \/>\n<meta name=\"twitter:label1\" content=\"Odhadovan\u00e1 doba \u010dten\u00ed\" \/>\n\t<meta name=\"twitter:data1\" content=\"1 minuta\" \/>\n<script type=\"application\/ld+json\" class=\"yoast-schema-graph\">{\"@context\":\"https:\\\/\\\/schema.org\",\"@graph\":[{\"@type\":\"WebPage\",\"@id\":\"https:\\\/\\\/stagingtwo.authleticwear.com\\\/cz\\\/product\\\/alea-push-up-leginy-petrol-night\\\/\",\"url\":\"https:\\\/\\\/stagingtwo.authleticwear.com\\\/cz\\\/product\\\/alea-push-up-leginy-petrol-night\\\/\",\"name\":\"Alea Push-Up Leg\u00edny - Petrol Night - Authletic CZ\",\"isPartOf\":{\"@id\":\"https:\\\/\\\/stagingtwo.authleticwear.com\\\/cz\\\/#website\"},\"primaryImageOfPage\":{\"@id\":\"https:\\\/\\\/stagingtwo.authleticwear.com\\\/cz\\\/product\\\/alea-push-up-leginy-petrol-night\\\/#primaryimage\"},\"image\":{\"@id\":\"https:\\\/\\\/stagingtwo.authleticwear.com\\\/cz\\\/product\\\/alea-push-up-leginy-petrol-night\\\/#primaryimage\"},\"thumbnailUrl\":\"https:\\\/\\\/stagingtwo.authleticwear.com\\\/cz\\\/wp-content\\\/uploads\\\/sites\\\/3\\\/2025\\\/06\\\/Alea-features-blue-long.jpg\",\"datePublished\":\"2025-06-12T12:17:11+00:00\",\"dateModified\":\"2025-10-19T06:02:38+00:00\",\"breadcrumb\":{\"@id\":\"https:\\\/\\\/stagingtwo.authleticwear.com\\\/cz\\\/product\\\/alea-push-up-leginy-petrol-night\\\/#breadcrumb\"},\"inLanguage\":\"cs\",\"potentialAction\":[{\"@type\":\"ReadAction\",\"target\":[\"https:\\\/\\\/stagingtwo.authleticwear.com\\\/cz\\\/product\\\/alea-push-up-leginy-petrol-night\\\/\"]}]},{\"@type\":\"ImageObject\",\"inLanguage\":\"cs\",\"@id\":\"https:\\\/\\\/stagingtwo.authleticwear.com\\\/cz\\\/product\\\/alea-push-up-leginy-petrol-night\\\/#primaryimage\",\"url\":\"https:\\\/\\\/stagingtwo.authleticwear.com\\\/cz\\\/wp-content\\\/uploads\\\/sites\\\/3\\\/2025\\\/06\\\/Alea-features-blue-long.jpg\",\"contentUrl\":\"https:\\\/\\\/stagingtwo.authleticwear.com\\\/cz\\\/wp-content\\\/uploads\\\/sites\\\/3\\\/2025\\\/06\\\/Alea-features-blue-long.jpg\",\"width\":1400,\"height\":2000},{\"@type\":\"BreadcrumbList\",\"@id\":\"https:\\\/\\\/stagingtwo.authleticwear.com\\\/cz\\\/product\\\/alea-push-up-leginy-petrol-night\\\/#breadcrumb\",\"itemListElement\":[{\"@type\":\"ListItem\",\"position\":1,\"name\":\"Home\",\"item\":\"https:\\\/\\\/stagingtwo.authleticwear.com\\\/cz\\\/\"},{\"@type\":\"ListItem\",\"position\":2,\"name\":\"Shop\",\"item\":\"https:\\\/\\\/stagingtwo.authleticwear.com\\\/cz\\\/shop\\\/\"},{\"@type\":\"ListItem\",\"position\":3,\"name\":\"Alea Push-Up Leg\u00edny &#8211; Petrol Night\"}]},{\"@type\":\"WebSite\",\"@id\":\"https:\\\/\\\/stagingtwo.authleticwear.com\\\/cz\\\/#website\",\"url\":\"https:\\\/\\\/stagingtwo.authleticwear.com\\\/cz\\\/\",\"name\":\"Authletic CZ\",\"description\":\"I am Authentic. I am Athletic. I am Authletic.\",\"publisher\":{\"@id\":\"https:\\\/\\\/stagingtwo.authleticwear.com\\\/cz\\\/#organization\"},\"potentialAction\":[{\"@type\":\"SearchAction\",\"target\":{\"@type\":\"EntryPoint\",\"urlTemplate\":\"https:\\\/\\\/stagingtwo.authleticwear.com\\\/cz\\\/?s={search_term_string}\"},\"query-input\":{\"@type\":\"PropertyValueSpecification\",\"valueRequired\":true,\"valueName\":\"search_term_string\"}}],\"inLanguage\":\"cs\"},{\"@type\":\"Organization\",\"@id\":\"https:\\\/\\\/stagingtwo.authleticwear.com\\\/cz\\\/#organization\",\"name\":\"Authletic CZ\",\"url\":\"https:\\\/\\\/stagingtwo.authleticwear.com\\\/cz\\\/\",\"logo\":{\"@type\":\"ImageObject\",\"inLanguage\":\"cs\",\"@id\":\"https:\\\/\\\/stagingtwo.authleticwear.com\\\/cz\\\/#\\\/schema\\\/logo\\\/image\\\/\",\"url\":\"https:\\\/\\\/stagingtwo.authleticwear.com\\\/cz\\\/wp-content\\\/uploads\\\/sites\\\/3\\\/2023\\\/11\\\/logo-web-authletic.svg\",\"contentUrl\":\"https:\\\/\\\/stagingtwo.authleticwear.com\\\/cz\\\/wp-content\\\/uploads\\\/sites\\\/3\\\/2023\\\/11\\\/logo-web-authletic.svg\",\"caption\":\"Authletic CZ\"},\"image\":{\"@id\":\"https:\\\/\\\/stagingtwo.authleticwear.com\\\/cz\\\/#\\\/schema\\\/logo\\\/image\\\/\"},\"sameAs\":[\"https:\\\/\\\/facebook.com\\\/authletic\\\/\",\"https:\\\/\\\/instagram.com\\\/authleticwear\\\/\",\"https:\\\/\\\/tiktok.com\\\/@authletic\"]}]}<\/script>\n<!-- \/ Yoast SEO plugin. -->","yoast_head_json":{"title":"Alea Push-Up Leg\u00edny - Petrol Night - Authletic CZ","robots":{"index":"noindex","follow":"follow","max-snippet":"max-snippet:-1","max-image-preview":"max-image-preview:large","max-video-preview":"max-video-preview:-1"},"og_locale":"cs_CZ","og_type":"article","og_title":"Alea Push-Up Leg\u00edny - Petrol Night - Authletic CZ","og_description":"Objevte na\u0161e prvn\u00ed seamless leg\u00edny, kter\u00e9 maj\u00ed v\u00fdrazn\u00fd a propracovan\u00fd scrunch \u0161ev. V kombinaci s \u017eebrovan\u00fdmi detaily pod h\u00fd\u017ed\u011bmi vytv\u00e1\u0159\u00ed dokonal\u00fd push-up efekt a kr\u00e1sn\u011b tvaruj\u00ed cel\u00e9 spodn\u00ed partie t\u011bla. M\u011bk\u010d\u00ed l\u00e1tka v oblasti h\u00fd\u017ed\u00ed umo\u017e\u0148uje, aby se scrunch pln\u011b p\u0159izp\u016fsobil a zv\u00fdraznil k\u0159ivky.Speci\u00e1ln\u00ed kompresn\u00ed l\u00e1tka opticky sni\u017euje vzhled celulitidy, vyhlazuje poko\u017eku a formuje postavu. Kv\u016fli pevn\u00e9 struktu\u0159e m\u016f\u017ee obl\u00e9k\u00e1n\u00ed vy\u017eadovat trochu v\u00edce \u00fapravy, ale jakmile jsou leg\u00edny na m\u00edst\u011b, poskytuj\u00ed pln\u00e9 pohodl\u00ed, podporu a volnost pohybu.Vysok\u00fd a pevn\u00fd \u017eebrovan\u00fd pas poskytuje \u00faplnou podporu b\u0159icha a udr\u017euje leg\u00edny na sv\u00e9m m\u00edst\u011b po celou dobu no\u0161en\u00ed.  Materi\u00e1l: \u2013 90% Nylon \u2013 10% Elastanu","og_url":"https:\/\/stagingtwo.authleticwear.com\/cz\/product\/alea-push-up-leginy-petrol-night\/","og_site_name":"Authletic CZ","article_publisher":"https:\/\/facebook.com\/authletic\/","article_modified_time":"2025-10-19T06:02:38+00:00","og_image":[{"width":1400,"height":2000,"url":"https:\/\/stagingtwo.authleticwear.com\/cz\/wp-content\/uploads\/sites\/3\/2025\/06\/Alea-features-blue-long.jpg","type":"image\/jpeg"}],"twitter_card":"summary_large_image","twitter_misc":{"Odhadovan\u00e1 doba \u010dten\u00ed":"1 minuta"},"schema":{"@context":"https:\/\/schema.org","@graph":[{"@type":"WebPage","@id":"https:\/\/stagingtwo.authleticwear.com\/cz\/product\/alea-push-up-leginy-petrol-night\/","url":"https:\/\/stagingtwo.authleticwear.com\/cz\/product\/alea-push-up-leginy-petrol-night\/","name":"Alea Push-Up Leg\u00edny - Petrol Night - Authletic CZ","isPartOf":{"@id":"https:\/\/stagingtwo.authleticwear.com\/cz\/#website"},"primaryImageOfPage":{"@id":"https:\/\/stagingtwo.authleticwear.com\/cz\/product\/alea-push-up-leginy-petrol-night\/#primaryimage"},"image":{"@id":"https:\/\/stagingtwo.authleticwear.com\/cz\/product\/alea-push-up-leginy-petrol-night\/#primaryimage"},"thumbnailUrl":"https:\/\/stagingtwo.authleticwear.com\/cz\/wp-content\/uploads\/sites\/3\/2025\/06\/Alea-features-blue-long.jpg","datePublished":"2025-06-12T12:17:11+00:00","dateModified":"2025-10-19T06:02:38+00:00","breadcrumb":{"@id":"https:\/\/stagingtwo.authleticwear.com\/cz\/product\/alea-push-up-leginy-petrol-night\/#breadcrumb"},"inLanguage":"cs","potentialAction":[{"@type":"ReadAction","target":["https:\/\/stagingtwo.authleticwear.com\/cz\/product\/alea-push-up-leginy-petrol-night\/"]}]},{"@type":"ImageObject","inLanguage":"cs","@id":"https:\/\/stagingtwo.authleticwear.com\/cz\/product\/alea-push-up-leginy-petrol-night\/#primaryimage","url":"https:\/\/stagingtwo.authleticwear.com\/cz\/wp-content\/uploads\/sites\/3\/2025\/06\/Alea-features-blue-long.jpg","contentUrl":"https:\/\/stagingtwo.authleticwear.com\/cz\/wp-content\/uploads\/sites\/3\/2025\/06\/Alea-features-blue-long.jpg","width":1400,"height":2000},{"@type":"BreadcrumbList","@id":"https:\/\/stagingtwo.authleticwear.com\/cz\/product\/alea-push-up-leginy-petrol-night\/#breadcrumb","itemListElement":[{"@type":"ListItem","position":1,"name":"Home","item":"https:\/\/stagingtwo.authleticwear.com\/cz\/"},{"@type":"ListItem","position":2,"name":"Shop","item":"https:\/\/stagingtwo.authleticwear.com\/cz\/shop\/"},{"@type":"ListItem","position":3,"name":"Alea Push-Up Leg\u00edny &#8211; Petrol Night"}]},{"@type":"WebSite","@id":"https:\/\/stagingtwo.authleticwear.com\/cz\/#website","url":"https:\/\/stagingtwo.authleticwear.com\/cz\/","name":"Authletic CZ","description":"I am Authentic. I am Athletic. I am Authletic.","publisher":{"@id":"https:\/\/stagingtwo.authleticwear.com\/cz\/#organization"},"potentialAction":[{"@type":"SearchAction","target":{"@type":"EntryPoint","urlTemplate":"https:\/\/stagingtwo.authleticwear.com\/cz\/?s={search_term_string}"},"query-input":{"@type":"PropertyValueSpecification","valueRequired":true,"valueName":"search_term_string"}}],"inLanguage":"cs"},{"@type":"Organization","@id":"https:\/\/stagingtwo.authleticwear.com\/cz\/#organization","name":"Authletic CZ","url":"https:\/\/stagingtwo.authleticwear.com\/cz\/","logo":{"@type":"ImageObject","inLanguage":"cs","@id":"https:\/\/stagingtwo.authleticwear.com\/cz\/#\/schema\/logo\/image\/","url":"https:\/\/stagingtwo.authleticwear.com\/cz\/wp-content\/uploads\/sites\/3\/2023\/11\/logo-web-authletic.svg","contentUrl":"https:\/\/stagingtwo.authleticwear.com\/cz\/wp-content\/uploads\/sites\/3\/2023\/11\/logo-web-authletic.svg","caption":"Authletic CZ"},"image":{"@id":"https:\/\/stagingtwo.authleticwear.com\/cz\/#\/schema\/logo\/image\/"},"sameAs":["https:\/\/facebook.com\/authletic\/","https:\/\/instagram.com\/authleticwear\/","https:\/\/tiktok.com\/@authletic"]}]}},"_links":{"self":[{"href":"https:\/\/stagingtwo.authleticwear.com\/cz\/wp-json\/wp\/v2\/product\/4491","targetHints":{"allow":["GET"]}}],"collection":[{"href":"https:\/\/stagingtwo.authleticwear.com\/cz\/wp-json\/wp\/v2\/product"}],"about":[{"href":"https:\/\/stagingtwo.authleticwear.com\/cz\/wp-json\/wp\/v2\/types\/product"}],"replies":[{"embeddable":true,"href":"https:\/\/stagingtwo.authleticwear.com\/cz\/wp-json\/wp\/v2\/comments?post=4491"}],"wp:featuredmedia":[{"embeddable":true,"href":"https:\/\/stagingtwo.authleticwear.com\/cz\/wp-json\/wp\/v2\/media\/4567"}],"wp:attachment":[{"href":"https:\/\/stagingtwo.authleticwear.com\/cz\/wp-json\/wp\/v2\/media?parent=4491"}],"wp:term":[{"taxonomy":"product_brand","embeddable":true,"href":"https:\/\/stagingtwo.authleticwear.com\/cz\/wp-json\/wp\/v2\/product_brand?post=4491"},{"taxonomy":"product_cat","embeddable":true,"href":"https:\/\/stagingtwo.authleticwear.com\/cz\/wp-json\/wp\/v2\/product_cat?post=4491"},{"taxonomy":"product_tag","embeddable":true,"href":"https:\/\/stagingtwo.authleticwear.com\/cz\/wp-json\/wp\/v2\/product_tag?post=4491"}],"curies":[{"name":"wp","href":"https:\/\/api.w.org\/{rel}","templated":true}]}}