{"id":6495,"date":"2025-09-26T14:52:53","date_gmt":"2025-09-26T12:52:53","guid":{"rendered":"https:\/\/authleticwear.com\/cz\/?post_type=product&#038;p=6495"},"modified":"2025-10-21T17:43:13","modified_gmt":"2025-10-21T15:43:13","slug":"naya-butt-lift-leginy-pulnocni-modra","status":"publish","type":"product","link":"https:\/\/stagingtwo.authleticwear.com\/cz\/product\/naya-butt-lift-leginy-pulnocni-modra\/","title":{"rendered":"Naya Butt Lift Leg\u00edny &#8211; P\u016flno\u010dn\u00ed modr\u00e1"},"content":{"rendered":"","protected":false},"excerpt":{"rendered":"<p>\u201eNaya Butt Lift Leg\u00edny\u201c zv\u00fdrazn\u00ed tv\u00e9 k\u0159ivky jako nikdy p\u0159edt\u00edm. D\u00edky skryt\u00e9mu scrunch efektu p\u0159irozen\u011b zvednou tv\u016fj zade\u010dek a dodaj\u00ed mu kulat\u011bj\u0161\u00ed vzhled. Sametov\u011b jemn\u00e1 a pru\u017en\u00e1 l\u00e1tka zajist\u00ed pohodl\u00ed p\u0159i ka\u017ed\u00e9m pohybu.<\/p>\n<p><strong>Materi\u00e1l:<br \/>\n<\/strong>\u2013 78% Polyamid<br \/>\n\u2013 25% Elastanu<\/p>\n","protected":false},"featured_media":6540,"comment_status":"open","ping_status":"closed","template":"","meta":{"_acf_changed":false,"bwfblock_default_font":"","inline_featured_image":false},"product_brand":[],"product_cat":[18,84],"product_tag":[79,83,75,25],"class_list":{"0":"post-6495","1":"product","2":"type-product","3":"status-publish","4":"has-post-thumbnail","6":"product_cat-leggings","7":"product_cat-naya","8":"product_tag-atest","9":"product_tag-bestseller2","10":"product_tag-butt-lift","11":"product_tag-new","13":"first","14":"outofstock","15":"featured","16":"shipping-taxable","17":"purchasable","18":"product-type-variable","19":"has-default-attributes"},"acf":[],"yoast_head":"<!-- This site is optimized with the Yoast SEO plugin v27.4 - https:\/\/yoast.com\/product\/yoast-seo-wordpress\/ -->\n<title>Naya Butt Lift Leg\u00edny - P\u016flno\u010dn\u00ed modr\u00e1 - Authletic CZ<\/title>\n<meta name=\"robots\" content=\"noindex, follow, max-snippet:-1, max-image-preview:large, max-video-preview:-1\" \/>\n<meta property=\"og:locale\" content=\"cs_CZ\" \/>\n<meta property=\"og:type\" content=\"article\" \/>\n<meta property=\"og:title\" content=\"Naya Butt Lift Leg\u00edny - P\u016flno\u010dn\u00ed modr\u00e1 - Authletic CZ\" \/>\n<meta property=\"og:description\" content=\"\u201eNaya Butt Lift Leg\u00edny\u201c zv\u00fdrazn\u00ed tv\u00e9 k\u0159ivky jako nikdy p\u0159edt\u00edm. D\u00edky skryt\u00e9mu scrunch efektu p\u0159irozen\u011b zvednou tv\u016fj zade\u010dek a dodaj\u00ed mu kulat\u011bj\u0161\u00ed vzhled. Sametov\u011b jemn\u00e1 a pru\u017en\u00e1 l\u00e1tka zajist\u00ed pohodl\u00ed p\u0159i ka\u017ed\u00e9m pohybu.  Materi\u00e1l: \u2013 78% Polyamid \u2013 25% Elastanu\" \/>\n<meta property=\"og:url\" content=\"https:\/\/stagingtwo.authleticwear.com\/cz\/product\/naya-butt-lift-leginy-pulnocni-modra\/\" \/>\n<meta property=\"og:site_name\" content=\"Authletic CZ\" \/>\n<meta property=\"article:publisher\" content=\"https:\/\/facebook.com\/authletic\/\" \/>\n<meta property=\"article:modified_time\" content=\"2025-10-21T15:43:13+00:00\" \/>\n<meta property=\"og:image\" content=\"https:\/\/stagingtwo.authleticwear.com\/cz\/wp-content\/uploads\/sites\/3\/2025\/09\/CZ-NAYA-LEGGINGS-blue-DETAILS.jpg\" \/>\n\t<meta property=\"og:image:width\" content=\"1400\" \/>\n\t<meta property=\"og:image:height\" content=\"2000\" \/>\n\t<meta property=\"og:image:type\" content=\"image\/jpeg\" \/>\n<meta name=\"twitter:card\" content=\"summary_large_image\" \/>\n<meta name=\"twitter:label1\" content=\"Odhadovan\u00e1 doba \u010dten\u00ed\" \/>\n\t<meta name=\"twitter:data1\" content=\"1 minuta\" \/>\n<script type=\"application\/ld+json\" class=\"yoast-schema-graph\">{\"@context\":\"https:\\\/\\\/schema.org\",\"@graph\":[{\"@type\":\"WebPage\",\"@id\":\"https:\\\/\\\/stagingtwo.authleticwear.com\\\/cz\\\/product\\\/naya-butt-lift-leginy-pulnocni-modra\\\/\",\"url\":\"https:\\\/\\\/stagingtwo.authleticwear.com\\\/cz\\\/product\\\/naya-butt-lift-leginy-pulnocni-modra\\\/\",\"name\":\"Naya Butt Lift Leg\u00edny - P\u016flno\u010dn\u00ed modr\u00e1 - Authletic CZ\",\"isPartOf\":{\"@id\":\"https:\\\/\\\/stagingtwo.authleticwear.com\\\/cz\\\/#website\"},\"primaryImageOfPage\":{\"@id\":\"https:\\\/\\\/stagingtwo.authleticwear.com\\\/cz\\\/product\\\/naya-butt-lift-leginy-pulnocni-modra\\\/#primaryimage\"},\"image\":{\"@id\":\"https:\\\/\\\/stagingtwo.authleticwear.com\\\/cz\\\/product\\\/naya-butt-lift-leginy-pulnocni-modra\\\/#primaryimage\"},\"thumbnailUrl\":\"https:\\\/\\\/stagingtwo.authleticwear.com\\\/cz\\\/wp-content\\\/uploads\\\/sites\\\/3\\\/2025\\\/09\\\/CZ-NAYA-LEGGINGS-blue-DETAILS.jpg\",\"datePublished\":\"2025-09-26T12:52:53+00:00\",\"dateModified\":\"2025-10-21T15:43:13+00:00\",\"breadcrumb\":{\"@id\":\"https:\\\/\\\/stagingtwo.authleticwear.com\\\/cz\\\/product\\\/naya-butt-lift-leginy-pulnocni-modra\\\/#breadcrumb\"},\"inLanguage\":\"cs\",\"potentialAction\":[{\"@type\":\"ReadAction\",\"target\":[\"https:\\\/\\\/stagingtwo.authleticwear.com\\\/cz\\\/product\\\/naya-butt-lift-leginy-pulnocni-modra\\\/\"]}]},{\"@type\":\"ImageObject\",\"inLanguage\":\"cs\",\"@id\":\"https:\\\/\\\/stagingtwo.authleticwear.com\\\/cz\\\/product\\\/naya-butt-lift-leginy-pulnocni-modra\\\/#primaryimage\",\"url\":\"https:\\\/\\\/stagingtwo.authleticwear.com\\\/cz\\\/wp-content\\\/uploads\\\/sites\\\/3\\\/2025\\\/09\\\/CZ-NAYA-LEGGINGS-blue-DETAILS.jpg\",\"contentUrl\":\"https:\\\/\\\/stagingtwo.authleticwear.com\\\/cz\\\/wp-content\\\/uploads\\\/sites\\\/3\\\/2025\\\/09\\\/CZ-NAYA-LEGGINGS-blue-DETAILS.jpg\",\"width\":1400,\"height\":2000},{\"@type\":\"BreadcrumbList\",\"@id\":\"https:\\\/\\\/stagingtwo.authleticwear.com\\\/cz\\\/product\\\/naya-butt-lift-leginy-pulnocni-modra\\\/#breadcrumb\",\"itemListElement\":[{\"@type\":\"ListItem\",\"position\":1,\"name\":\"Home\",\"item\":\"https:\\\/\\\/stagingtwo.authleticwear.com\\\/cz\\\/\"},{\"@type\":\"ListItem\",\"position\":2,\"name\":\"Shop\",\"item\":\"https:\\\/\\\/stagingtwo.authleticwear.com\\\/cz\\\/shop\\\/\"},{\"@type\":\"ListItem\",\"position\":3,\"name\":\"Naya Butt Lift Leg\u00edny &#8211; P\u016flno\u010dn\u00ed modr\u00e1\"}]},{\"@type\":\"WebSite\",\"@id\":\"https:\\\/\\\/stagingtwo.authleticwear.com\\\/cz\\\/#website\",\"url\":\"https:\\\/\\\/stagingtwo.authleticwear.com\\\/cz\\\/\",\"name\":\"Authletic CZ\",\"description\":\"I am Authentic. I am Athletic. I am Authletic.\",\"publisher\":{\"@id\":\"https:\\\/\\\/stagingtwo.authleticwear.com\\\/cz\\\/#organization\"},\"potentialAction\":[{\"@type\":\"SearchAction\",\"target\":{\"@type\":\"EntryPoint\",\"urlTemplate\":\"https:\\\/\\\/stagingtwo.authleticwear.com\\\/cz\\\/?s={search_term_string}\"},\"query-input\":{\"@type\":\"PropertyValueSpecification\",\"valueRequired\":true,\"valueName\":\"search_term_string\"}}],\"inLanguage\":\"cs\"},{\"@type\":\"Organization\",\"@id\":\"https:\\\/\\\/stagingtwo.authleticwear.com\\\/cz\\\/#organization\",\"name\":\"Authletic CZ\",\"url\":\"https:\\\/\\\/stagingtwo.authleticwear.com\\\/cz\\\/\",\"logo\":{\"@type\":\"ImageObject\",\"inLanguage\":\"cs\",\"@id\":\"https:\\\/\\\/stagingtwo.authleticwear.com\\\/cz\\\/#\\\/schema\\\/logo\\\/image\\\/\",\"url\":\"https:\\\/\\\/stagingtwo.authleticwear.com\\\/cz\\\/wp-content\\\/uploads\\\/sites\\\/3\\\/2023\\\/11\\\/logo-web-authletic.svg\",\"contentUrl\":\"https:\\\/\\\/stagingtwo.authleticwear.com\\\/cz\\\/wp-content\\\/uploads\\\/sites\\\/3\\\/2023\\\/11\\\/logo-web-authletic.svg\",\"caption\":\"Authletic CZ\"},\"image\":{\"@id\":\"https:\\\/\\\/stagingtwo.authleticwear.com\\\/cz\\\/#\\\/schema\\\/logo\\\/image\\\/\"},\"sameAs\":[\"https:\\\/\\\/facebook.com\\\/authletic\\\/\",\"https:\\\/\\\/instagram.com\\\/authleticwear\\\/\",\"https:\\\/\\\/tiktok.com\\\/@authletic\"]}]}<\/script>\n<!-- \/ Yoast SEO plugin. -->","yoast_head_json":{"title":"Naya Butt Lift Leg\u00edny - P\u016flno\u010dn\u00ed modr\u00e1 - Authletic CZ","robots":{"index":"noindex","follow":"follow","max-snippet":"max-snippet:-1","max-image-preview":"max-image-preview:large","max-video-preview":"max-video-preview:-1"},"og_locale":"cs_CZ","og_type":"article","og_title":"Naya Butt Lift Leg\u00edny - P\u016flno\u010dn\u00ed modr\u00e1 - Authletic CZ","og_description":"\u201eNaya Butt Lift Leg\u00edny\u201c zv\u00fdrazn\u00ed tv\u00e9 k\u0159ivky jako nikdy p\u0159edt\u00edm. D\u00edky skryt\u00e9mu scrunch efektu p\u0159irozen\u011b zvednou tv\u016fj zade\u010dek a dodaj\u00ed mu kulat\u011bj\u0161\u00ed vzhled. Sametov\u011b jemn\u00e1 a pru\u017en\u00e1 l\u00e1tka zajist\u00ed pohodl\u00ed p\u0159i ka\u017ed\u00e9m pohybu.  Materi\u00e1l: \u2013 78% Polyamid \u2013 25% Elastanu","og_url":"https:\/\/stagingtwo.authleticwear.com\/cz\/product\/naya-butt-lift-leginy-pulnocni-modra\/","og_site_name":"Authletic CZ","article_publisher":"https:\/\/facebook.com\/authletic\/","article_modified_time":"2025-10-21T15:43:13+00:00","og_image":[{"width":1400,"height":2000,"url":"https:\/\/stagingtwo.authleticwear.com\/cz\/wp-content\/uploads\/sites\/3\/2025\/09\/CZ-NAYA-LEGGINGS-blue-DETAILS.jpg","type":"image\/jpeg"}],"twitter_card":"summary_large_image","twitter_misc":{"Odhadovan\u00e1 doba \u010dten\u00ed":"1 minuta"},"schema":{"@context":"https:\/\/schema.org","@graph":[{"@type":"WebPage","@id":"https:\/\/stagingtwo.authleticwear.com\/cz\/product\/naya-butt-lift-leginy-pulnocni-modra\/","url":"https:\/\/stagingtwo.authleticwear.com\/cz\/product\/naya-butt-lift-leginy-pulnocni-modra\/","name":"Naya Butt Lift Leg\u00edny - P\u016flno\u010dn\u00ed modr\u00e1 - Authletic CZ","isPartOf":{"@id":"https:\/\/stagingtwo.authleticwear.com\/cz\/#website"},"primaryImageOfPage":{"@id":"https:\/\/stagingtwo.authleticwear.com\/cz\/product\/naya-butt-lift-leginy-pulnocni-modra\/#primaryimage"},"image":{"@id":"https:\/\/stagingtwo.authleticwear.com\/cz\/product\/naya-butt-lift-leginy-pulnocni-modra\/#primaryimage"},"thumbnailUrl":"https:\/\/stagingtwo.authleticwear.com\/cz\/wp-content\/uploads\/sites\/3\/2025\/09\/CZ-NAYA-LEGGINGS-blue-DETAILS.jpg","datePublished":"2025-09-26T12:52:53+00:00","dateModified":"2025-10-21T15:43:13+00:00","breadcrumb":{"@id":"https:\/\/stagingtwo.authleticwear.com\/cz\/product\/naya-butt-lift-leginy-pulnocni-modra\/#breadcrumb"},"inLanguage":"cs","potentialAction":[{"@type":"ReadAction","target":["https:\/\/stagingtwo.authleticwear.com\/cz\/product\/naya-butt-lift-leginy-pulnocni-modra\/"]}]},{"@type":"ImageObject","inLanguage":"cs","@id":"https:\/\/stagingtwo.authleticwear.com\/cz\/product\/naya-butt-lift-leginy-pulnocni-modra\/#primaryimage","url":"https:\/\/stagingtwo.authleticwear.com\/cz\/wp-content\/uploads\/sites\/3\/2025\/09\/CZ-NAYA-LEGGINGS-blue-DETAILS.jpg","contentUrl":"https:\/\/stagingtwo.authleticwear.com\/cz\/wp-content\/uploads\/sites\/3\/2025\/09\/CZ-NAYA-LEGGINGS-blue-DETAILS.jpg","width":1400,"height":2000},{"@type":"BreadcrumbList","@id":"https:\/\/stagingtwo.authleticwear.com\/cz\/product\/naya-butt-lift-leginy-pulnocni-modra\/#breadcrumb","itemListElement":[{"@type":"ListItem","position":1,"name":"Home","item":"https:\/\/stagingtwo.authleticwear.com\/cz\/"},{"@type":"ListItem","position":2,"name":"Shop","item":"https:\/\/stagingtwo.authleticwear.com\/cz\/shop\/"},{"@type":"ListItem","position":3,"name":"Naya Butt Lift Leg\u00edny &#8211; P\u016flno\u010dn\u00ed modr\u00e1"}]},{"@type":"WebSite","@id":"https:\/\/stagingtwo.authleticwear.com\/cz\/#website","url":"https:\/\/stagingtwo.authleticwear.com\/cz\/","name":"Authletic CZ","description":"I am Authentic. I am Athletic. I am Authletic.","publisher":{"@id":"https:\/\/stagingtwo.authleticwear.com\/cz\/#organization"},"potentialAction":[{"@type":"SearchAction","target":{"@type":"EntryPoint","urlTemplate":"https:\/\/stagingtwo.authleticwear.com\/cz\/?s={search_term_string}"},"query-input":{"@type":"PropertyValueSpecification","valueRequired":true,"valueName":"search_term_string"}}],"inLanguage":"cs"},{"@type":"Organization","@id":"https:\/\/stagingtwo.authleticwear.com\/cz\/#organization","name":"Authletic CZ","url":"https:\/\/stagingtwo.authleticwear.com\/cz\/","logo":{"@type":"ImageObject","inLanguage":"cs","@id":"https:\/\/stagingtwo.authleticwear.com\/cz\/#\/schema\/logo\/image\/","url":"https:\/\/stagingtwo.authleticwear.com\/cz\/wp-content\/uploads\/sites\/3\/2023\/11\/logo-web-authletic.svg","contentUrl":"https:\/\/stagingtwo.authleticwear.com\/cz\/wp-content\/uploads\/sites\/3\/2023\/11\/logo-web-authletic.svg","caption":"Authletic CZ"},"image":{"@id":"https:\/\/stagingtwo.authleticwear.com\/cz\/#\/schema\/logo\/image\/"},"sameAs":["https:\/\/facebook.com\/authletic\/","https:\/\/instagram.com\/authleticwear\/","https:\/\/tiktok.com\/@authletic"]}]}},"_links":{"self":[{"href":"https:\/\/stagingtwo.authleticwear.com\/cz\/wp-json\/wp\/v2\/product\/6495","targetHints":{"allow":["GET"]}}],"collection":[{"href":"https:\/\/stagingtwo.authleticwear.com\/cz\/wp-json\/wp\/v2\/product"}],"about":[{"href":"https:\/\/stagingtwo.authleticwear.com\/cz\/wp-json\/wp\/v2\/types\/product"}],"replies":[{"embeddable":true,"href":"https:\/\/stagingtwo.authleticwear.com\/cz\/wp-json\/wp\/v2\/comments?post=6495"}],"wp:featuredmedia":[{"embeddable":true,"href":"https:\/\/stagingtwo.authleticwear.com\/cz\/wp-json\/wp\/v2\/media\/6540"}],"wp:attachment":[{"href":"https:\/\/stagingtwo.authleticwear.com\/cz\/wp-json\/wp\/v2\/media?parent=6495"}],"wp:term":[{"taxonomy":"product_brand","embeddable":true,"href":"https:\/\/stagingtwo.authleticwear.com\/cz\/wp-json\/wp\/v2\/product_brand?post=6495"},{"taxonomy":"product_cat","embeddable":true,"href":"https:\/\/stagingtwo.authleticwear.com\/cz\/wp-json\/wp\/v2\/product_cat?post=6495"},{"taxonomy":"product_tag","embeddable":true,"href":"https:\/\/stagingtwo.authleticwear.com\/cz\/wp-json\/wp\/v2\/product_tag?post=6495"}],"curies":[{"name":"wp","href":"https:\/\/api.w.org\/{rel}","templated":true}]}}