{"id":892,"date":"2024-02-29T12:22:18","date_gmt":"2024-02-29T12:22:18","guid":{"rendered":"https:\/\/authleticwear.com\/cz\/?post_type=product&#038;p=892"},"modified":"2025-10-19T08:03:19","modified_gmt":"2025-10-19T06:03:19","slug":"flora-hidden-scrunch-leggings-blue","status":"publish","type":"product","link":"https:\/\/stagingtwo.authleticwear.com\/cz\/product\/flora-hidden-scrunch-leggings-blue\/","title":{"rendered":"Flora Leg\u00edny se skrytou gumi\u010dkou &#8211; Sv\u011btle modr\u00e1"},"content":{"rendered":"","protected":false},"excerpt":{"rendered":"<p>Vyzkou\u0161ej na\u0161e \u201eFlora leg\u00edny se skrytou gumi\u010dkou\u201c pro pos\u00edlen\u00ed sv\u00e9ho vzhledu. Jsou navr\u017eeny se zved\u00e1n\u00edm zade\u010dku a kr\u00e1sn\u00fdm zv\u00fdrazn\u011bn\u00edm k\u0159ivek. Prvot\u0159\u00eddn\u00ed prvek funkce gumi\u010dky zv\u00fdraz\u0148uje tv\u016fj tvar je\u0161t\u011b l\u00e9pe a na\u0161e vybran\u00e1 l\u00e1tka je nejen jemn\u00e1, ale tak\u00e9 siln\u00e1. Tyto leg\u00edny jsou dokonal\u00e9 pro pohodl\u00ed a styl ve tv\u00e9m sportovn\u00edm \u0161atn\u00edku.<\/p>\n<p><strong>Materi\u00e1l:<br \/>\n<\/strong>\u2013 80% Nylon<br \/>\n\u2013 20% Elastanu<\/p>\n","protected":false},"featured_media":4834,"comment_status":"open","ping_status":"closed","template":"","meta":{"_acf_changed":false,"bwfblock_default_font":"","inline_featured_image":false},"product_brand":[],"product_cat":[47,18],"product_tag":[54],"class_list":{"0":"post-892","1":"product","2":"type-product","3":"status-publish","4":"has-post-thumbnail","6":"product_cat-flora","7":"product_cat-leggings","8":"product_tag-skryte-scrunch","10":"first","11":"outofstock","12":"sale","13":"shipping-taxable","14":"purchasable","15":"product-type-variable","16":"has-default-attributes"},"acf":[],"yoast_head":"<!-- This site is optimized with the Yoast SEO plugin v27.4 - https:\/\/yoast.com\/product\/yoast-seo-wordpress\/ -->\n<title>Flora Leg\u00edny se skrytou gumi\u010dkou - Sv\u011btle modr\u00e1 - Authletic CZ<\/title>\n<meta name=\"robots\" content=\"noindex, follow, max-snippet:-1, max-image-preview:large, max-video-preview:-1\" \/>\n<meta property=\"og:locale\" content=\"cs_CZ\" \/>\n<meta property=\"og:type\" content=\"article\" \/>\n<meta property=\"og:title\" content=\"Flora Leg\u00edny se skrytou gumi\u010dkou - Sv\u011btle modr\u00e1 - Authletic CZ\" \/>\n<meta property=\"og:description\" content=\"Vyzkou\u0161ej na\u0161e \u201eFlora leg\u00edny se skrytou gumi\u010dkou\u201c pro pos\u00edlen\u00ed sv\u00e9ho vzhledu. Jsou navr\u017eeny se zved\u00e1n\u00edm zade\u010dku a kr\u00e1sn\u00fdm zv\u00fdrazn\u011bn\u00edm k\u0159ivek. Prvot\u0159\u00eddn\u00ed prvek funkce gumi\u010dky zv\u00fdraz\u0148uje tv\u016fj tvar je\u0161t\u011b l\u00e9pe a na\u0161e vybran\u00e1 l\u00e1tka je nejen jemn\u00e1, ale tak\u00e9 siln\u00e1. Tyto leg\u00edny jsou dokonal\u00e9 pro pohodl\u00ed a styl ve tv\u00e9m sportovn\u00edm \u0161atn\u00edku.  Materi\u00e1l: \u2013 80% Nylon \u2013 20% Elastanu\" \/>\n<meta property=\"og:url\" content=\"https:\/\/stagingtwo.authleticwear.com\/cz\/product\/flora-hidden-scrunch-leggings-blue\/\" \/>\n<meta property=\"og:site_name\" content=\"Authletic CZ\" \/>\n<meta property=\"article:publisher\" content=\"https:\/\/facebook.com\/authletic\/\" \/>\n<meta property=\"article:modified_time\" content=\"2025-10-19T06:03:19+00:00\" \/>\n<meta property=\"og:image\" content=\"https:\/\/stagingtwo.authleticwear.com\/cz\/wp-content\/uploads\/sites\/3\/2024\/02\/CZ-FLORA-LEGGINGS-BLUE.jpg\" \/>\n\t<meta property=\"og:image:width\" content=\"1400\" \/>\n\t<meta property=\"og:image:height\" content=\"2000\" \/>\n\t<meta property=\"og:image:type\" content=\"image\/jpeg\" \/>\n<meta name=\"twitter:card\" content=\"summary_large_image\" \/>\n<meta name=\"twitter:label1\" content=\"Odhadovan\u00e1 doba \u010dten\u00ed\" \/>\n\t<meta name=\"twitter:data1\" content=\"1 minuta\" \/>\n<script type=\"application\/ld+json\" class=\"yoast-schema-graph\">{\"@context\":\"https:\\\/\\\/schema.org\",\"@graph\":[{\"@type\":\"WebPage\",\"@id\":\"https:\\\/\\\/stagingtwo.authleticwear.com\\\/cz\\\/product\\\/flora-hidden-scrunch-leggings-blue\\\/\",\"url\":\"https:\\\/\\\/stagingtwo.authleticwear.com\\\/cz\\\/product\\\/flora-hidden-scrunch-leggings-blue\\\/\",\"name\":\"Flora Leg\u00edny se skrytou gumi\u010dkou - Sv\u011btle modr\u00e1 - Authletic CZ\",\"isPartOf\":{\"@id\":\"https:\\\/\\\/stagingtwo.authleticwear.com\\\/cz\\\/#website\"},\"primaryImageOfPage\":{\"@id\":\"https:\\\/\\\/stagingtwo.authleticwear.com\\\/cz\\\/product\\\/flora-hidden-scrunch-leggings-blue\\\/#primaryimage\"},\"image\":{\"@id\":\"https:\\\/\\\/stagingtwo.authleticwear.com\\\/cz\\\/product\\\/flora-hidden-scrunch-leggings-blue\\\/#primaryimage\"},\"thumbnailUrl\":\"https:\\\/\\\/stagingtwo.authleticwear.com\\\/cz\\\/wp-content\\\/uploads\\\/sites\\\/3\\\/2024\\\/02\\\/CZ-FLORA-LEGGINGS-BLUE.jpg\",\"datePublished\":\"2024-02-29T12:22:18+00:00\",\"dateModified\":\"2025-10-19T06:03:19+00:00\",\"breadcrumb\":{\"@id\":\"https:\\\/\\\/stagingtwo.authleticwear.com\\\/cz\\\/product\\\/flora-hidden-scrunch-leggings-blue\\\/#breadcrumb\"},\"inLanguage\":\"cs\",\"potentialAction\":[{\"@type\":\"ReadAction\",\"target\":[\"https:\\\/\\\/stagingtwo.authleticwear.com\\\/cz\\\/product\\\/flora-hidden-scrunch-leggings-blue\\\/\"]}]},{\"@type\":\"ImageObject\",\"inLanguage\":\"cs\",\"@id\":\"https:\\\/\\\/stagingtwo.authleticwear.com\\\/cz\\\/product\\\/flora-hidden-scrunch-leggings-blue\\\/#primaryimage\",\"url\":\"https:\\\/\\\/stagingtwo.authleticwear.com\\\/cz\\\/wp-content\\\/uploads\\\/sites\\\/3\\\/2024\\\/02\\\/CZ-FLORA-LEGGINGS-BLUE.jpg\",\"contentUrl\":\"https:\\\/\\\/stagingtwo.authleticwear.com\\\/cz\\\/wp-content\\\/uploads\\\/sites\\\/3\\\/2024\\\/02\\\/CZ-FLORA-LEGGINGS-BLUE.jpg\",\"width\":1400,\"height\":2000},{\"@type\":\"BreadcrumbList\",\"@id\":\"https:\\\/\\\/stagingtwo.authleticwear.com\\\/cz\\\/product\\\/flora-hidden-scrunch-leggings-blue\\\/#breadcrumb\",\"itemListElement\":[{\"@type\":\"ListItem\",\"position\":1,\"name\":\"Home\",\"item\":\"https:\\\/\\\/stagingtwo.authleticwear.com\\\/cz\\\/\"},{\"@type\":\"ListItem\",\"position\":2,\"name\":\"Shop\",\"item\":\"https:\\\/\\\/stagingtwo.authleticwear.com\\\/cz\\\/shop\\\/\"},{\"@type\":\"ListItem\",\"position\":3,\"name\":\"Flora Leg\u00edny se skrytou gumi\u010dkou &#8211; Sv\u011btle modr\u00e1\"}]},{\"@type\":\"WebSite\",\"@id\":\"https:\\\/\\\/stagingtwo.authleticwear.com\\\/cz\\\/#website\",\"url\":\"https:\\\/\\\/stagingtwo.authleticwear.com\\\/cz\\\/\",\"name\":\"Authletic CZ\",\"description\":\"I am Authentic. I am Athletic. I am Authletic.\",\"publisher\":{\"@id\":\"https:\\\/\\\/stagingtwo.authleticwear.com\\\/cz\\\/#organization\"},\"potentialAction\":[{\"@type\":\"SearchAction\",\"target\":{\"@type\":\"EntryPoint\",\"urlTemplate\":\"https:\\\/\\\/stagingtwo.authleticwear.com\\\/cz\\\/?s={search_term_string}\"},\"query-input\":{\"@type\":\"PropertyValueSpecification\",\"valueRequired\":true,\"valueName\":\"search_term_string\"}}],\"inLanguage\":\"cs\"},{\"@type\":\"Organization\",\"@id\":\"https:\\\/\\\/stagingtwo.authleticwear.com\\\/cz\\\/#organization\",\"name\":\"Authletic CZ\",\"url\":\"https:\\\/\\\/stagingtwo.authleticwear.com\\\/cz\\\/\",\"logo\":{\"@type\":\"ImageObject\",\"inLanguage\":\"cs\",\"@id\":\"https:\\\/\\\/stagingtwo.authleticwear.com\\\/cz\\\/#\\\/schema\\\/logo\\\/image\\\/\",\"url\":\"https:\\\/\\\/stagingtwo.authleticwear.com\\\/cz\\\/wp-content\\\/uploads\\\/sites\\\/3\\\/2023\\\/11\\\/logo-web-authletic.svg\",\"contentUrl\":\"https:\\\/\\\/stagingtwo.authleticwear.com\\\/cz\\\/wp-content\\\/uploads\\\/sites\\\/3\\\/2023\\\/11\\\/logo-web-authletic.svg\",\"caption\":\"Authletic CZ\"},\"image\":{\"@id\":\"https:\\\/\\\/stagingtwo.authleticwear.com\\\/cz\\\/#\\\/schema\\\/logo\\\/image\\\/\"},\"sameAs\":[\"https:\\\/\\\/facebook.com\\\/authletic\\\/\",\"https:\\\/\\\/instagram.com\\\/authleticwear\\\/\",\"https:\\\/\\\/tiktok.com\\\/@authletic\"]}]}<\/script>\n<!-- \/ Yoast SEO plugin. -->","yoast_head_json":{"title":"Flora Leg\u00edny se skrytou gumi\u010dkou - Sv\u011btle modr\u00e1 - Authletic CZ","robots":{"index":"noindex","follow":"follow","max-snippet":"max-snippet:-1","max-image-preview":"max-image-preview:large","max-video-preview":"max-video-preview:-1"},"og_locale":"cs_CZ","og_type":"article","og_title":"Flora Leg\u00edny se skrytou gumi\u010dkou - Sv\u011btle modr\u00e1 - Authletic CZ","og_description":"Vyzkou\u0161ej na\u0161e \u201eFlora leg\u00edny se skrytou gumi\u010dkou\u201c pro pos\u00edlen\u00ed sv\u00e9ho vzhledu. Jsou navr\u017eeny se zved\u00e1n\u00edm zade\u010dku a kr\u00e1sn\u00fdm zv\u00fdrazn\u011bn\u00edm k\u0159ivek. Prvot\u0159\u00eddn\u00ed prvek funkce gumi\u010dky zv\u00fdraz\u0148uje tv\u016fj tvar je\u0161t\u011b l\u00e9pe a na\u0161e vybran\u00e1 l\u00e1tka je nejen jemn\u00e1, ale tak\u00e9 siln\u00e1. Tyto leg\u00edny jsou dokonal\u00e9 pro pohodl\u00ed a styl ve tv\u00e9m sportovn\u00edm \u0161atn\u00edku.  Materi\u00e1l: \u2013 80% Nylon \u2013 20% Elastanu","og_url":"https:\/\/stagingtwo.authleticwear.com\/cz\/product\/flora-hidden-scrunch-leggings-blue\/","og_site_name":"Authletic CZ","article_publisher":"https:\/\/facebook.com\/authletic\/","article_modified_time":"2025-10-19T06:03:19+00:00","og_image":[{"width":1400,"height":2000,"url":"https:\/\/stagingtwo.authleticwear.com\/cz\/wp-content\/uploads\/sites\/3\/2024\/02\/CZ-FLORA-LEGGINGS-BLUE.jpg","type":"image\/jpeg"}],"twitter_card":"summary_large_image","twitter_misc":{"Odhadovan\u00e1 doba \u010dten\u00ed":"1 minuta"},"schema":{"@context":"https:\/\/schema.org","@graph":[{"@type":"WebPage","@id":"https:\/\/stagingtwo.authleticwear.com\/cz\/product\/flora-hidden-scrunch-leggings-blue\/","url":"https:\/\/stagingtwo.authleticwear.com\/cz\/product\/flora-hidden-scrunch-leggings-blue\/","name":"Flora Leg\u00edny se skrytou gumi\u010dkou - Sv\u011btle modr\u00e1 - Authletic CZ","isPartOf":{"@id":"https:\/\/stagingtwo.authleticwear.com\/cz\/#website"},"primaryImageOfPage":{"@id":"https:\/\/stagingtwo.authleticwear.com\/cz\/product\/flora-hidden-scrunch-leggings-blue\/#primaryimage"},"image":{"@id":"https:\/\/stagingtwo.authleticwear.com\/cz\/product\/flora-hidden-scrunch-leggings-blue\/#primaryimage"},"thumbnailUrl":"https:\/\/stagingtwo.authleticwear.com\/cz\/wp-content\/uploads\/sites\/3\/2024\/02\/CZ-FLORA-LEGGINGS-BLUE.jpg","datePublished":"2024-02-29T12:22:18+00:00","dateModified":"2025-10-19T06:03:19+00:00","breadcrumb":{"@id":"https:\/\/stagingtwo.authleticwear.com\/cz\/product\/flora-hidden-scrunch-leggings-blue\/#breadcrumb"},"inLanguage":"cs","potentialAction":[{"@type":"ReadAction","target":["https:\/\/stagingtwo.authleticwear.com\/cz\/product\/flora-hidden-scrunch-leggings-blue\/"]}]},{"@type":"ImageObject","inLanguage":"cs","@id":"https:\/\/stagingtwo.authleticwear.com\/cz\/product\/flora-hidden-scrunch-leggings-blue\/#primaryimage","url":"https:\/\/stagingtwo.authleticwear.com\/cz\/wp-content\/uploads\/sites\/3\/2024\/02\/CZ-FLORA-LEGGINGS-BLUE.jpg","contentUrl":"https:\/\/stagingtwo.authleticwear.com\/cz\/wp-content\/uploads\/sites\/3\/2024\/02\/CZ-FLORA-LEGGINGS-BLUE.jpg","width":1400,"height":2000},{"@type":"BreadcrumbList","@id":"https:\/\/stagingtwo.authleticwear.com\/cz\/product\/flora-hidden-scrunch-leggings-blue\/#breadcrumb","itemListElement":[{"@type":"ListItem","position":1,"name":"Home","item":"https:\/\/stagingtwo.authleticwear.com\/cz\/"},{"@type":"ListItem","position":2,"name":"Shop","item":"https:\/\/stagingtwo.authleticwear.com\/cz\/shop\/"},{"@type":"ListItem","position":3,"name":"Flora Leg\u00edny se skrytou gumi\u010dkou &#8211; Sv\u011btle modr\u00e1"}]},{"@type":"WebSite","@id":"https:\/\/stagingtwo.authleticwear.com\/cz\/#website","url":"https:\/\/stagingtwo.authleticwear.com\/cz\/","name":"Authletic CZ","description":"I am Authentic. I am Athletic. I am Authletic.","publisher":{"@id":"https:\/\/stagingtwo.authleticwear.com\/cz\/#organization"},"potentialAction":[{"@type":"SearchAction","target":{"@type":"EntryPoint","urlTemplate":"https:\/\/stagingtwo.authleticwear.com\/cz\/?s={search_term_string}"},"query-input":{"@type":"PropertyValueSpecification","valueRequired":true,"valueName":"search_term_string"}}],"inLanguage":"cs"},{"@type":"Organization","@id":"https:\/\/stagingtwo.authleticwear.com\/cz\/#organization","name":"Authletic CZ","url":"https:\/\/stagingtwo.authleticwear.com\/cz\/","logo":{"@type":"ImageObject","inLanguage":"cs","@id":"https:\/\/stagingtwo.authleticwear.com\/cz\/#\/schema\/logo\/image\/","url":"https:\/\/stagingtwo.authleticwear.com\/cz\/wp-content\/uploads\/sites\/3\/2023\/11\/logo-web-authletic.svg","contentUrl":"https:\/\/stagingtwo.authleticwear.com\/cz\/wp-content\/uploads\/sites\/3\/2023\/11\/logo-web-authletic.svg","caption":"Authletic CZ"},"image":{"@id":"https:\/\/stagingtwo.authleticwear.com\/cz\/#\/schema\/logo\/image\/"},"sameAs":["https:\/\/facebook.com\/authletic\/","https:\/\/instagram.com\/authleticwear\/","https:\/\/tiktok.com\/@authletic"]}]}},"_links":{"self":[{"href":"https:\/\/stagingtwo.authleticwear.com\/cz\/wp-json\/wp\/v2\/product\/892","targetHints":{"allow":["GET"]}}],"collection":[{"href":"https:\/\/stagingtwo.authleticwear.com\/cz\/wp-json\/wp\/v2\/product"}],"about":[{"href":"https:\/\/stagingtwo.authleticwear.com\/cz\/wp-json\/wp\/v2\/types\/product"}],"replies":[{"embeddable":true,"href":"https:\/\/stagingtwo.authleticwear.com\/cz\/wp-json\/wp\/v2\/comments?post=892"}],"wp:featuredmedia":[{"embeddable":true,"href":"https:\/\/stagingtwo.authleticwear.com\/cz\/wp-json\/wp\/v2\/media\/4834"}],"wp:attachment":[{"href":"https:\/\/stagingtwo.authleticwear.com\/cz\/wp-json\/wp\/v2\/media?parent=892"}],"wp:term":[{"taxonomy":"product_brand","embeddable":true,"href":"https:\/\/stagingtwo.authleticwear.com\/cz\/wp-json\/wp\/v2\/product_brand?post=892"},{"taxonomy":"product_cat","embeddable":true,"href":"https:\/\/stagingtwo.authleticwear.com\/cz\/wp-json\/wp\/v2\/product_cat?post=892"},{"taxonomy":"product_tag","embeddable":true,"href":"https:\/\/stagingtwo.authleticwear.com\/cz\/wp-json\/wp\/v2\/product_tag?post=892"}],"curies":[{"name":"wp","href":"https:\/\/api.w.org\/{rel}","templated":true}]}}